{"id":277,"date":"2020-08-18T22:47:24","date_gmt":"2020-08-19T02:47:24","guid":{"rendered":"https:\/\/k9maitrechien.ca\/?page_id=277"},"modified":"2025-07-09T10:51:34","modified_gmt":"2025-07-09T14:51:34","slug":"maitre-chien-detection-et-protection","status":"publish","type":"page","link":"https:\/\/k9maitrechien.ca\/en\/","title":{"rendered":"Home"},"content":{"rendered":"<div class=\"wpb-content-wrapper\">[vc_row full_width=&#8221;stretch_row_content_no_spaces&#8221;][vc_column][vc_single_image image=&#8221;262&#8243; img_size=&#8221;full&#8221;][\/vc_column][\/vc_row][vc_row][vc_column][vc_empty_space][vc_column_text]\n<h1><span style=\"color: #008080;\">K9 Units at Your Service<\/span><\/h1>\n[\/vc_column_text][vc_empty_space][\/vc_column][\/vc_row][vc_row full_width=&#8221;stretch_row&#8221; css=&#8221;.vc_custom_1615303052113{background-color: #eaebec !important;}&#8221;][vc_column][vc_empty_space height=&#8221;16px&#8221;][vc_row_inner content_placement=&#8221;middle&#8221;][vc_column_inner][vc_column_text]\n<h2 style=\"text-align: center;\">Elite Private K9 Units for Drug, Explosive and Bed Bug Detection<\/h2>\n[\/vc_column_text][vc_empty_space height=&#8221;16px&#8221;][vc_btn title=&#8221;Contact us&#8221; align=&#8221;center&#8221; link=&#8221;url:https%3A%2F%2Fk9maitrechien.ca%2Fen%2Fcontact%2F|||&#8221;][\/vc_column_inner][\/vc_row_inner][vc_empty_space height=&#8221;16px&#8221;][\/vc_column][\/vc_row][vc_row][vc_column][vc_empty_space][\/vc_column][\/vc_row][vc_row][vc_column][vc_column_text]\n<h2>What is Intervention\u00a0K9 Inc.?<\/h2>\n<p>We are a <strong>security agency<\/strong> offering security guard, detection <strong>dog handler<\/strong> and <strong>security patrol<\/strong> services.<\/p>\n<p>We started the company as K9inspection Inc., offering <strong>detection<\/strong> services. We have continued to evolve by adding security protection to our services provided. In 2019, we became Intervention K9, the private K9 unit company with the best field experience in the province.<\/p>\n<p>Customer satisfaction is our highest priority. We therefore offer top-notch service within the legal limits.[\/vc_column_text][\/vc_column][\/vc_row][vc_row full_width=&#8221;stretch_row&#8221;][vc_column][vc_empty_space][vc_row_inner][vc_column_inner][vc_column_text]\n<h2>Our detector dogs at the service of your safety<\/h2>\n[\/vc_column_text][\/vc_column_inner][\/vc_row_inner][vc_empty_space height=&#8221;16px&#8221;][vc_row_inner][vc_column_inner width=&#8221;1\/3&#8243;][vc_single_image image=&#8221;496&#8243; img_size=&#8221;full&#8221; alignment=&#8221;center&#8221;][vc_empty_space height=&#8221;5px&#8221;][vc_column_text]\n<h3 style=\"text-align: center;\"><span style=\"color: #000000;\">Drugs and explosives detection<\/span><\/h3>\n<p style=\"text-align: center;\">Our teams have been specially trained to safely detect drugs, explosives or firearms in all environments.<\/p>\n<p style=\"text-align: center;\"><a href=\"https:\/\/k9maitrechien.ca\/unite-canine-de-securite\">Find out more&#8230;<\/a><\/p>\n[\/vc_column_text][\/vc_column_inner][vc_column_inner width=&#8221;1\/3&#8243;][vc_single_image image=&#8221;498&#8243; img_size=&#8221;full&#8221; alignment=&#8221;center&#8221;][vc_empty_space height=&#8221;5px&#8221;][vc_column_text]\n<h3 style=\"text-align: center;\"><span style=\"color: #000000;\">Bed bug detection<\/span><\/h3>\n<p style=\"text-align: center;\">With an efficiency rate of up to 98%, our dogs are more reliable and faster than exterminators in <strong>detecting the presence of bed bugs<\/strong>.<\/p>\n<p style=\"text-align: center;\"><a href=\"https:\/\/k9maitrechien.ca\/punaises-de-lit\/\">Find out more&#8230;<\/a><\/p>\n[\/vc_column_text][\/vc_column_inner][vc_column_inner width=&#8221;1\/3&#8243;][vc_single_image image=&#8221;500&#8243; img_size=&#8221;full&#8221; alignment=&#8221;center&#8221;][vc_empty_space height=&#8221;5px&#8221;][vc_column_text]\n<h3 style=\"text-align: center;\"><span style=\"color: #000000;\">Training and education<\/span><\/h3>\n<p style=\"text-align: center;\">We offer our services in detection dog and <strong>handler training<\/strong>.<br \/>\nOur extensive field expertise is at your service!<\/p>\n<p style=\"text-align: center;\"><a href=\"https:\/\/k9maitrechien.ca\/dressage\/\">Find out more&#8230;<\/a><\/p>\n[\/vc_column_text][\/vc_column_inner][\/vc_row_inner][vc_empty_space][\/vc_column][\/vc_row][vc_row full_width=&#8221;stretch_row&#8221;][vc_column][vc_empty_space][vc_column_text]\n<h2>Certified handlers and highly trained dogs<\/h2>\n<p>We are very proud to provide you with <strong>handlers certified<\/strong> annually to ensure the meticulousness of our services independently.<\/p>\n<p>For you, this means that our highly trained dogs will find what&#8217;s to be found, without <strong>false signals<\/strong>. You&#8217;ll get it right, safely, every time you call on us.[\/vc_column_text][vc_empty_space][\/vc_column][\/vc_row][vc_row full_width=&#8221;stretch_row&#8221;][vc_column][vc_empty_space][vc_row_inner][vc_column_inner][vc_column_text]\n<h3>Our dog teams are effective in all surroundings<\/h3>\n[\/vc_column_text][\/vc_column_inner][\/vc_row_inner][vc_empty_space height=&#8221;16px&#8221;][vc_column_text]We make sure to train our dogs to be effective in all types of surroundings![\/vc_column_text][vc_row_inner content_placement=&#8221;middle&#8221;][vc_column_inner width=&#8221;1\/3&#8243;][vc_single_image image=&#8221;502&#8243; img_size=&#8221;full&#8221; alignment=&#8221;center&#8221;][vc_empty_space height=&#8221;5px&#8221;][vc_column_text]\n<h3 style=\"text-align: center;\">Events<\/h3>\n[\/vc_column_text][vc_empty_space height=&#8221;16px&#8221;][\/vc_column_inner][vc_column_inner width=&#8221;1\/3&#8243;][vc_single_image image=&#8221;504&#8243; img_size=&#8221;full&#8221; alignment=&#8221;center&#8221;][vc_empty_space height=&#8221;5px&#8221;][vc_column_text]\n<h3 style=\"text-align: center;\">Schools<\/h3>\n[\/vc_column_text][vc_empty_space height=&#8221;16px&#8221;][\/vc_column_inner][vc_column_inner width=&#8221;1\/3&#8243;][vc_single_image image=&#8221;509&#8243; img_size=&#8221;full&#8221; alignment=&#8221;center&#8221;][vc_empty_space height=&#8221;5px&#8221;][vc_column_text]\n<h3 style=\"text-align: center;\">Industries<\/h3>\n[\/vc_column_text][vc_empty_space height=&#8221;16px&#8221;][\/vc_column_inner][\/vc_row_inner][vc_row_inner content_placement=&#8221;middle&#8221;][vc_column_inner width=&#8221;1\/3&#8243;][vc_single_image image=&#8221;511&#8243; img_size=&#8221;full&#8221; alignment=&#8221;center&#8221;][vc_empty_space height=&#8221;5px&#8221;][vc_column_text]\n<h3 style=\"text-align: center;\">Hotels<\/h3>\n[\/vc_column_text][vc_empty_space height=&#8221;16px&#8221;][\/vc_column_inner][vc_column_inner width=&#8221;1\/3&#8243;][vc_single_image image=&#8221;513&#8243; img_size=&#8221;full&#8221; alignment=&#8221;center&#8221;][vc_empty_space height=&#8221;5px&#8221;][vc_column_text]\n<h3 style=\"text-align: center;\">Transports<\/h3>\n[\/vc_column_text][vc_empty_space height=&#8221;16px&#8221;][\/vc_column_inner][vc_column_inner width=&#8221;1\/3&#8243;][vc_single_image image=&#8221;515&#8243; img_size=&#8221;full&#8221; alignment=&#8221;center&#8221;][vc_empty_space height=&#8221;5px&#8221;][vc_column_text]\n<h3 style=\"text-align: center;\">Businesses<\/h3>\n[\/vc_column_text][vc_empty_space height=&#8221;16px&#8221;][\/vc_column_inner][\/vc_row_inner][vc_empty_space][\/vc_column][\/vc_row][vc_row full_width=&#8221;stretch_row&#8221; css=&#8221;.vc_custom_1615303052113{background-color: #eaebec !important;}&#8221;][vc_column][vc_empty_space height=&#8221;16px&#8221;][vc_row_inner content_placement=&#8221;middle&#8221;][vc_column_inner width=&#8221;2\/3&#8243;][vc_column_text]\n<h3>Do you care about safety in your environment?<\/h3>\n[\/vc_column_text][vc_empty_space height=&#8221;16px&#8221;][vc_column_text]We provide you with canine teams with the best training and experience in the field for drugs and explosives detection.<\/p>\n<p>Efficient professionals![\/vc_column_text][\/vc_column_inner][vc_column_inner width=&#8221;1\/3&#8243;][vc_btn title=&#8221;Discover dog detection&#8221; link=&#8221;url:https%3A%2F%2Fk9maitrechien.ca%2Fen%2Fcanine-security-unit%2F|||&#8221;][\/vc_column_inner][\/vc_row_inner][vc_empty_space height=&#8221;16px&#8221;][\/vc_column][\/vc_row][vc_row full_width=&#8221;stretch_row&#8221;][vc_column][vc_empty_space][vc_row_inner][vc_column_inner width=&#8221;1\/3&#8243;][vc_single_image image=&#8221;522&#8243; img_size=&#8221;full&#8221; alignment=&#8221;center&#8221;][\/vc_column_inner][vc_column_inner width=&#8221;2\/3&#8243;][vc_column_text]\n<h2>Services Adapted to Your Reality<\/h2>\n<p>Our specialized teams are trained to <strong>adapt<\/strong> to you and your <strong>environment<\/strong>. With our expertise, we are ready to advise you how to best use our services. You can also count on the discretion of our dog handlers when working and at all times.<\/p>\n<p>We take the time to understand your needs so that we can offer you a service specially adapted to your reality.[\/vc_column_text][\/vc_column_inner][\/vc_row_inner][vc_empty_space][\/vc_column][\/vc_row][vc_row full_width=&#8221;stretch_row&#8221; css=&#8221;.vc_custom_1615303052113{background-color: #eaebec !important;}&#8221;][vc_column][vc_empty_space height=&#8221;16px&#8221;][vc_row_inner content_placement=&#8221;middle&#8221;][vc_column_inner][vc_column_text]\n<h3 style=\"text-align: center;\">Efficient services within your budget<\/h3>\n[\/vc_column_text][vc_empty_space height=&#8221;16px&#8221;][vc_column_text]\n<p style=\"text-align: center;\">We realize that there my be budget constraints, which is why we offer competitive rates.<\/p>\n[\/vc_column_text][vc_btn title=&#8221;Ask for a quote&#8221; align=&#8221;center&#8221; link=&#8221;url:https%3A%2F%2Fk9maitrechien.ca%2Fen%2Fcontact%2F|||&#8221;][\/vc_column_inner][\/vc_row_inner][vc_empty_space height=&#8221;16px&#8221;][\/vc_column][\/vc_row][vc_row full_width=&#8221;stretch_row&#8221;][vc_column][vc_empty_space][vc_row_inner][vc_column_inner][vc_column_text]\n<h2>We Work Throughout Qu\u00e9bec and Canada<\/h2>\n<p>We are happy to work <strong>anywhere in Qu\u00e9bec<\/strong>. The dog handler and his faithful companion will travel to the site by vehicle or by plane, whether it is in a major centre or in northern Qu\u00e9bec. We also cover the rest of Canada for commercial clients.[\/vc_column_text][\/vc_column_inner][\/vc_row_inner][vc_empty_space][\/vc_column][\/vc_row][vc_row][vc_column][vc_empty_space][vc_column_text]\n<h2><span style=\"vertical-align: inherit;\"><span style=\"vertical-align: inherit;\">News<\/span><\/span><\/h2>\n[\/vc_column_text][vc_empty_space][vc_basic_grid post_type=&#8221;post&#8221; max_items=&#8221;2&#8243; element_width=&#8221;6&#8243; item=&#8221;582&#8243; grid_id=&#8221;vc_gid:1617205038214-14814128-a5d2-0&#8243;][vc_empty_space][\/vc_column][\/vc_row]\n<\/div>","protected":false},"excerpt":{"rendered":"<p>[vc_row full_width=&#8221;stretch_row_content_no_spaces&#8221;][vc_column][vc_single_image image=&#8221;262&#8243; img_size=&#8221;full&#8221;][\/vc_column][\/vc_row][vc_row][vc_column][vc_empty_space][vc_column_text] K9 Units at Your Service [\/vc_column_text][vc_empty_space][\/vc_column][\/vc_row][vc_row full_width=&#8221;stretch_row&#8221; css=&#8221;.vc_custom_1615303052113{background-color: #eaebec !important;}&#8221;][vc_column][vc_empty_space height=&#8221;16px&#8221;][vc_row_inner content_placement=&#8221;middle&#8221;][vc_column_inner][vc_column_text] Elite Private K9 Units for Drug, Explosive and Bed Bug Detection [\/vc_column_text][vc_empty_space height=&#8221;16px&#8221;][vc_btn title=&#8221;Contact&#8230;<\/p>\n","protected":false},"author":1,"featured_media":0,"parent":0,"menu_order":0,"comment_status":"closed","ping_status":"open","template":"","meta":{"_monsterinsights_skip_tracking":false,"_monsterinsights_sitenote_active":false,"_monsterinsights_sitenote_note":"","_monsterinsights_sitenote_category":0,"footnotes":""},"class_list":["post-277","page","type-page","status-publish","hentry"],"yoast_head":"<!-- This site is optimized with the Yoast SEO plugin v26.7 - https:\/\/yoast.com\/wordpress\/plugins\/seo\/ -->\n<title>K9 Inspection ma\u00eetre-chien<\/title>\n<meta name=\"description\" content=\"Dog handler providing drug, explosives and bed bug sniffer service. Our dog teams are the most reliable in Quebec.\" \/>\n<meta name=\"robots\" content=\"index, follow, max-snippet:-1, max-image-preview:large, max-video-preview:-1\" \/>\n<link rel=\"canonical\" href=\"https:\/\/k9maitrechien.ca\/en\/\" \/>\n<meta property=\"og:locale\" content=\"en_US\" \/>\n<meta property=\"og:type\" content=\"article\" \/>\n<meta property=\"og:title\" content=\"K9 Inspection ma\u00eetre-chien\" \/>\n<meta property=\"og:description\" content=\"Dog handler providing drug, explosives and bed bug sniffer service. Our dog teams are the most reliable in Quebec.\" \/>\n<meta property=\"og:url\" content=\"https:\/\/k9maitrechien.ca\/en\/\" \/>\n<meta property=\"og:site_name\" content=\"K9 Inspection ma\u00eetre-chien\" \/>\n<meta property=\"article:publisher\" content=\"https:\/\/fr-fr.facebook.com\/K9-inspection-chiens-de-d%c3%a9tection-1755142567880203\/\" \/>\n<meta property=\"article:modified_time\" content=\"2025-07-09T14:51:34+00:00\" \/>\n<meta name=\"twitter:card\" content=\"summary_large_image\" \/>\n<meta name=\"twitter:label1\" content=\"Est. reading time\" \/>\n\t<meta name=\"twitter:data1\" content=\"3 minutes\" \/>\n<script type=\"application\/ld+json\" class=\"yoast-schema-graph\">{\"@context\":\"https:\/\/schema.org\",\"@graph\":[{\"@type\":\"WebPage\",\"@id\":\"https:\/\/k9maitrechien.ca\/en\/\",\"url\":\"https:\/\/k9maitrechien.ca\/en\/\",\"name\":\"K9 Inspection ma\u00eetre-chien\",\"isPartOf\":{\"@id\":\"https:\/\/k9maitrechien.ca\/#website\"},\"datePublished\":\"2020-08-19T02:47:24+00:00\",\"dateModified\":\"2025-07-09T14:51:34+00:00\",\"description\":\"Dog handler providing drug, explosives and bed bug sniffer service. Our dog teams are the most reliable in Quebec.\",\"breadcrumb\":{\"@id\":\"https:\/\/k9maitrechien.ca\/en\/#breadcrumb\"},\"inLanguage\":\"en-US\",\"potentialAction\":[{\"@type\":\"ReadAction\",\"target\":[\"https:\/\/k9maitrechien.ca\/en\/\"]}]},{\"@type\":\"BreadcrumbList\",\"@id\":\"https:\/\/k9maitrechien.ca\/en\/#breadcrumb\",\"itemListElement\":[{\"@type\":\"ListItem\",\"position\":1,\"name\":\"Home\",\"item\":\"https:\/\/k9maitrechien.ca\/en\/\"},{\"@type\":\"ListItem\",\"position\":2,\"name\":\"Home\"}]},{\"@type\":\"WebSite\",\"@id\":\"https:\/\/k9maitrechien.ca\/#website\",\"url\":\"https:\/\/k9maitrechien.ca\/\",\"name\":\"K9 Inspection ma\u00eetre-chien\",\"description\":\"Ma\u00eetre-chien s\u00e9curit\u00e9 priv\u00e9e explosif\/drogues\/protection\",\"publisher\":{\"@id\":\"https:\/\/k9maitrechien.ca\/#organization\"},\"potentialAction\":[{\"@type\":\"SearchAction\",\"target\":{\"@type\":\"EntryPoint\",\"urlTemplate\":\"https:\/\/k9maitrechien.ca\/?s={search_term_string}\"},\"query-input\":{\"@type\":\"PropertyValueSpecification\",\"valueRequired\":true,\"valueName\":\"search_term_string\"}}],\"inLanguage\":\"en-US\"},{\"@type\":\"Organization\",\"@id\":\"https:\/\/k9maitrechien.ca\/#organization\",\"name\":\"K9 inspection \/ Intervention K9\",\"url\":\"https:\/\/k9maitrechien.ca\/\",\"logo\":{\"@type\":\"ImageObject\",\"inLanguage\":\"en-US\",\"@id\":\"https:\/\/k9maitrechien.ca\/#\/schema\/logo\/image\/\",\"url\":\"https:\/\/k9maitrechien.ca\/wp-content\/uploads\/2018\/01\/K9LOGO72DPI.png\",\"contentUrl\":\"https:\/\/k9maitrechien.ca\/wp-content\/uploads\/2018\/01\/K9LOGO72DPI.png\",\"width\":781,\"height\":275,\"caption\":\"K9 inspection \/ Intervention K9\"},\"image\":{\"@id\":\"https:\/\/k9maitrechien.ca\/#\/schema\/logo\/image\/\"},\"sameAs\":[\"https:\/\/fr-fr.facebook.com\/K9-inspection-chiens-de-d\u00e9tection-1755142567880203\/\"]}]}<\/script>\n<!-- \/ Yoast SEO plugin. -->","yoast_head_json":{"title":"K9 Inspection ma\u00eetre-chien","description":"Dog handler providing drug, explosives and bed bug sniffer service. Our dog teams are the most reliable in Quebec.","robots":{"index":"index","follow":"follow","max-snippet":"max-snippet:-1","max-image-preview":"max-image-preview:large","max-video-preview":"max-video-preview:-1"},"canonical":"https:\/\/k9maitrechien.ca\/en\/","og_locale":"en_US","og_type":"article","og_title":"K9 Inspection ma\u00eetre-chien","og_description":"Dog handler providing drug, explosives and bed bug sniffer service. Our dog teams are the most reliable in Quebec.","og_url":"https:\/\/k9maitrechien.ca\/en\/","og_site_name":"K9 Inspection ma\u00eetre-chien","article_publisher":"https:\/\/fr-fr.facebook.com\/K9-inspection-chiens-de-d%c3%a9tection-1755142567880203\/","article_modified_time":"2025-07-09T14:51:34+00:00","twitter_card":"summary_large_image","twitter_misc":{"Est. reading time":"3 minutes"},"schema":{"@context":"https:\/\/schema.org","@graph":[{"@type":"WebPage","@id":"https:\/\/k9maitrechien.ca\/en\/","url":"https:\/\/k9maitrechien.ca\/en\/","name":"K9 Inspection ma\u00eetre-chien","isPartOf":{"@id":"https:\/\/k9maitrechien.ca\/#website"},"datePublished":"2020-08-19T02:47:24+00:00","dateModified":"2025-07-09T14:51:34+00:00","description":"Dog handler providing drug, explosives and bed bug sniffer service. Our dog teams are the most reliable in Quebec.","breadcrumb":{"@id":"https:\/\/k9maitrechien.ca\/en\/#breadcrumb"},"inLanguage":"en-US","potentialAction":[{"@type":"ReadAction","target":["https:\/\/k9maitrechien.ca\/en\/"]}]},{"@type":"BreadcrumbList","@id":"https:\/\/k9maitrechien.ca\/en\/#breadcrumb","itemListElement":[{"@type":"ListItem","position":1,"name":"Home","item":"https:\/\/k9maitrechien.ca\/en\/"},{"@type":"ListItem","position":2,"name":"Home"}]},{"@type":"WebSite","@id":"https:\/\/k9maitrechien.ca\/#website","url":"https:\/\/k9maitrechien.ca\/","name":"K9 Inspection ma\u00eetre-chien","description":"Ma\u00eetre-chien s\u00e9curit\u00e9 priv\u00e9e explosif\/drogues\/protection","publisher":{"@id":"https:\/\/k9maitrechien.ca\/#organization"},"potentialAction":[{"@type":"SearchAction","target":{"@type":"EntryPoint","urlTemplate":"https:\/\/k9maitrechien.ca\/?s={search_term_string}"},"query-input":{"@type":"PropertyValueSpecification","valueRequired":true,"valueName":"search_term_string"}}],"inLanguage":"en-US"},{"@type":"Organization","@id":"https:\/\/k9maitrechien.ca\/#organization","name":"K9 inspection \/ Intervention K9","url":"https:\/\/k9maitrechien.ca\/","logo":{"@type":"ImageObject","inLanguage":"en-US","@id":"https:\/\/k9maitrechien.ca\/#\/schema\/logo\/image\/","url":"https:\/\/k9maitrechien.ca\/wp-content\/uploads\/2018\/01\/K9LOGO72DPI.png","contentUrl":"https:\/\/k9maitrechien.ca\/wp-content\/uploads\/2018\/01\/K9LOGO72DPI.png","width":781,"height":275,"caption":"K9 inspection \/ Intervention K9"},"image":{"@id":"https:\/\/k9maitrechien.ca\/#\/schema\/logo\/image\/"},"sameAs":["https:\/\/fr-fr.facebook.com\/K9-inspection-chiens-de-d\u00e9tection-1755142567880203\/"]}]}},"_links":{"self":[{"href":"https:\/\/k9maitrechien.ca\/en\/wp-json\/wp\/v2\/pages\/277","targetHints":{"allow":["GET"]}}],"collection":[{"href":"https:\/\/k9maitrechien.ca\/en\/wp-json\/wp\/v2\/pages"}],"about":[{"href":"https:\/\/k9maitrechien.ca\/en\/wp-json\/wp\/v2\/types\/page"}],"author":[{"embeddable":true,"href":"https:\/\/k9maitrechien.ca\/en\/wp-json\/wp\/v2\/users\/1"}],"replies":[{"embeddable":true,"href":"https:\/\/k9maitrechien.ca\/en\/wp-json\/wp\/v2\/comments?post=277"}],"version-history":[{"count":20,"href":"https:\/\/k9maitrechien.ca\/en\/wp-json\/wp\/v2\/pages\/277\/revisions"}],"predecessor-version":[{"id":851,"href":"https:\/\/k9maitrechien.ca\/en\/wp-json\/wp\/v2\/pages\/277\/revisions\/851"}],"wp:attachment":[{"href":"https:\/\/k9maitrechien.ca\/en\/wp-json\/wp\/v2\/media?parent=277"}],"curies":[{"name":"wp","href":"https:\/\/api.w.org\/{rel}","templated":true}]}}