{"id":296,"date":"2019-08-28T11:06:13","date_gmt":"2019-08-28T15:06:13","guid":{"rendered":"https:\/\/k9maitrechien.ca\/punaises-de-lit\/"},"modified":"2021-03-30T14:53:22","modified_gmt":"2021-03-30T18:53:22","slug":"bedbugs","status":"publish","type":"page","link":"https:\/\/k9maitrechien.ca\/en\/bedbugs\/","title":{"rendered":"Bedbugs"},"content":{"rendered":"<div class=\"wpb-content-wrapper\">[vc_row full_width=&#8221;stretch_row_content_no_spaces&#8221;][vc_column][vc_single_image image=&#8221;528&#8243; img_size=&#8221;full&#8221;][\/vc_column][\/vc_row][vc_row full_width=&#8221;stretch_row&#8221;][vc_column][vc_empty_space][vc_row_inner][vc_column_inner][vc_column_text]\n<h1>Detection of Bed Bugs<\/h1>\n[\/vc_column_text][vc_empty_space][vc_column_text]We help homeowners to effectively <strong>detect<\/strong> the presence of<strong> bed bugs<\/strong> in homes, dormitories, retirement homes, apartment buildings and hotels.[\/vc_column_text][\/vc_column_inner][\/vc_row_inner][vc_empty_space][\/vc_column][\/vc_row][vc_row full_width=&#8221;stretch_row&#8221;][vc_column][vc_empty_space height=&#8221;20px&#8221;][vc_row_inner][vc_column_inner width=&#8221;2\/3&#8243;][vc_empty_space height=&#8221;10px&#8221;][vc_column_text]\n<h2>Detection of Bed Bugs by Dogs<\/h2>\n<p>Man&#8217;s best friend has long been proven to be effective in detecting drugs and explosives, but he is just as effective when it comes to finding <strong>bed bugs<\/strong>!<\/p>\n<p>The dogs&#8217; ability even allows them to signal only live bugs or eggs and ignore dead ones. This is perfect if you have already treated your environment and the problem persists, or if you want to confirm that it has been dealt with.[\/vc_column_text][vc_empty_space height=&#8221;10px&#8221;][\/vc_column_inner][vc_column_inner width=&#8221;1\/3&#8243; css=&#8221;.vc_custom_1615317309396{border-top-width: 1px !important;border-right-width: 1px !important;border-bottom-width: 1px !important;border-left-width: 1px !important;border-left-color: #000000 !important;border-left-style: solid !important;border-right-color: #000000 !important;border-right-style: solid !important;border-top-color: #000000 !important;border-top-style: solid !important;border-bottom-color: #000000 !important;border-bottom-style: solid !important;}&#8221;][vc_empty_space height=&#8221;10px&#8221;][vc_column_text]<b>Did you know?<\/b><\/p>\n<p>Even with a thorough search, a human will only find between 40% and 60% of bedbugs, whereas a dog will achieve have a success rate of 90% to 95%.<\/p>\n<p>And that\u2019s not all! A dog can do the job in much less time. This translates into savings for you![\/vc_column_text][vc_empty_space height=&#8221;10px&#8221;][\/vc_column_inner][\/vc_row_inner][vc_empty_space height=&#8221;20px&#8221;][\/vc_column][\/vc_row][vc_row full_width=&#8221;stretch_row&#8221; css=&#8221;.vc_custom_1567004768576{background-color: #eaebec !important;}&#8221;][vc_column][vc_empty_space height=&#8221;16px&#8221;][vc_row_inner][vc_column_inner][vc_column_text]\n<h2>Bed bugs, a Real Problem<\/h2>\n<p>According to some studies, the MSSS estimates that approximately 40,000 Qu\u00e9bec households have had bed bug problems, including 24,000 in Montr\u00e9al alone in recent years. According to another study, 50% of people who have bed bugs are unaware of them. This suggests that the actual number of households with this problem is much higher![\/vc_column_text][\/vc_column_inner][\/vc_row_inner][vc_empty_space height=&#8221;16px&#8221;][\/vc_column][\/vc_row][vc_row full_width=&#8221;stretch_row&#8221;][vc_column][vc_empty_space][vc_column_text]\n<h2>The Detector Dog: Faster and more Efficient<\/h2>\n[\/vc_column_text][vc_empty_space height=&#8221;10px&#8221;][vc_row_inner][vc_column_inner width=&#8221;1\/3&#8243;][vc_single_image image=&#8221;531&#8243; img_size=&#8221;full&#8221;][\/vc_column_inner][vc_column_inner width=&#8221;2\/3&#8243;][vc_column_text]Our dogs are much <strong>faster<\/strong> than humans at confirming or dismissing the presence of bed bugs, as they rely on their sense of smell. They can inspect up to 20 rooms in just 1 hour.<\/p>\n<p><strong>Detection<\/strong> is also completely objective. Our dogs never signal false positives. They only detect live bugs or eggs, all without having to move your furniture.<\/p>\n<p>In the end, the costs of the inspection will be lower than those with an extermination company.[\/vc_column_text][\/vc_column_inner][\/vc_row_inner][vc_empty_space][\/vc_column][\/vc_row][vc_row full_width=&#8221;stretch_row&#8221; css=&#8221;.vc_custom_1615317019725{background-color: #eaebec !important;}&#8221;][vc_column][vc_empty_space height=&#8221;16px&#8221;][vc_row_inner][vc_column_inner][vc_column_text]\n<h2 style=\"text-align: center;\">Our Rates for Bed Bug Detection<\/h2>\n[\/vc_column_text][\/vc_column_inner][\/vc_row_inner][vc_empty_space height=&#8221;10px&#8221;][vc_row_inner][vc_column_inner width=&#8221;1\/2&#8243;][vc_column_text]\n<p style=\"text-align: center;\">250$<br \/>\nFor a home or an apartment<\/p>\n[\/vc_column_text][\/vc_column_inner][vc_column_inner width=&#8221;1\/2&#8243;][vc_column_text]\n<p style=\"text-align: center;\">$\u00a0$<br \/>\nCompetitive price for multi-dwellings, offices, businesses and dormitories<\/p>\n[\/vc_column_text][\/vc_column_inner][\/vc_row_inner][vc_btn title=&#8221;Ask for a quote&#8221; align=&#8221;center&#8221; link=&#8221;url:https%3A%2F%2Fk9maitrechien.ca%2Fen%2Fcontact%2F|||&#8221;][vc_empty_space height=&#8221;16px&#8221;][\/vc_column][\/vc_row][vc_row full_width=&#8221;stretch_row&#8221;][vc_column][vc_empty_space][vc_row_inner][vc_column_inner][vc_column_text]\n<h2>What is a Bed Bug?<\/h2>\n[\/vc_column_text][\/vc_column_inner][\/vc_row_inner][vc_empty_space height=&#8221;10px&#8221;][vc_column_text]\n<ul>\n<li>It is a parasite that feeds on human blood.<\/li>\n<li>They are more active at night than during the day. They avoid light!<\/li>\n<li>Adults are light brown, oval in shape, and can be between 4 and 7\u00a0mm long and 1.5 and 3\u00a0mm wide.<\/li>\n<li>Nascent individuals, or nymphs, are more transparent and pale; they are difficult to see.<\/li>\n<li>Bed bugs can survive in many conditions. They are resistant to heat and cold if the temperature does not change rapidly. Some even become resistant to chemical treatments.<\/li>\n<li>They normally feed every 5 to 10 days, but can survive up to 1 year without eating.<\/li>\n<li>A well-fed female can lay 3 to 4 eggs per day.<\/li>\n<li>Bed bugs do not jump and have difficulty climbing.<\/li>\n<li>They move at the speed of an ant.<\/li>\n<\/ul>\n[\/vc_column_text][vc_empty_space][\/vc_column][\/vc_row][vc_row full_width=&#8221;stretch_row&#8221;][vc_column][vc_empty_space][vc_row_inner][vc_column_inner][vc_column_text]\n<h2>How do I know if I have Bed Bugs?<\/h2>\n[\/vc_column_text][\/vc_column_inner][\/vc_row_inner][vc_empty_space height=&#8221;10px&#8221;][vc_row_inner][vc_column_inner width=&#8221;1\/3&#8243; css=&#8221;.vc_custom_1615317309396{border-top-width: 1px !important;border-right-width: 1px !important;border-bottom-width: 1px !important;border-left-width: 1px !important;border-left-color: #000000 !important;border-left-style: solid !important;border-right-color: #000000 !important;border-right-style: solid !important;border-top-color: #000000 !important;border-top-style: solid !important;border-bottom-color: #000000 !important;border-bottom-style: solid !important;}&#8221;][vc_empty_space height=&#8221;10px&#8221;][vc_column_text]<b>Beware!<\/b><\/p>\n<p>Not everyone is bitten! Moreover, not everyone reacts to the bites.<\/p>\n<p>Therefore, bedbugs can be present without bites on the skin.<\/p>\n<p>Preventive inspection is important.[\/vc_column_text][vc_empty_space height=&#8221;10px&#8221;][\/vc_column_inner][vc_column_inner width=&#8221;2\/3&#8243;][vc_empty_space height=&#8221;10px&#8221;][vc_column_text]Bed bugs are found in or near beds, such as on the bed frame or headboard. However, they can hide almost anywhere during a heavy infestation or in places with several common rooms such as retirement homes.<\/p>\n<p>Bed bugs can even be found in wall corners, mouldings, electrical outlets before a treatment and even after a treatment that did not work properly.<\/p>\n<p>The most effective way to confirm their presence is to use a detection dog.[\/vc_column_text][vc_empty_space height=&#8221;10px&#8221;][\/vc_column_inner][\/vc_row_inner][vc_empty_space][\/vc_column][\/vc_row][vc_row full_width=&#8221;stretch_row&#8221; css=&#8221;.vc_custom_1615317019725{background-color: #eaebec !important;}&#8221;][vc_column][vc_empty_space height=&#8221;16px&#8221;][vc_row_inner content_placement=&#8221;middle&#8221;][vc_column_inner][vc_column_text]\n<h2 style=\"text-align: center;\">Dog detection, our specialty!<\/h2>\n<p style=\"text-align: center;\">We are the company that performs the most dog detection in all areas in Qu\u00e9bec. Detection dogs are our specialty!<\/p>\n<p style=\"text-align: center;\">For you, it is the assurance of obtaining an accurate and independent picture of the situation. We offer you peace of mind!<\/p>\n[\/vc_column_text][vc_btn title=&#8221;Contact us&#8221; align=&#8221;center&#8221; link=&#8221;url:https%3A%2F%2Fk9maitrechien.ca%2Fen%2Fcontact%2F|||&#8221;][\/vc_column_inner][\/vc_row_inner][vc_empty_space height=&#8221;16px&#8221;][\/vc_column][\/vc_row][vc_row full_width=&#8221;stretch_row&#8221;][vc_column][vc_empty_space][vc_row_inner][vc_column_inner][vc_column_text]\n<h2>I Have Bed Bugs, What Should I Do?<\/h2>\n[\/vc_column_text][\/vc_column_inner][\/vc_row_inner][vc_empty_space height=&#8221;10px&#8221;][vc_column_text]If you have bed bugs, the next step is extermination. Extra precautions should be taken to ensure that they do not also end up in someone else&#8217;s home.<\/p>\n<p>Even though we are not exterminators, we can help you find one. Here are the treatments available on the market to eliminate bed bugs. You can, of course, use several methods and use all the tools available to eradicate the problem.[\/vc_column_text][vc_empty_space][vc_row_inner][vc_column_inner width=&#8221;1\/2&#8243;][vc_column_text]\n<h3>Steam Treatment<\/h3>\n<p>Ideal for treating small problem areas such as a vehicle or a piece of furniture. The exterminator will use very hot steam to kill the bugs.[\/vc_column_text][\/vc_column_inner][vc_column_inner width=&#8221;1\/2&#8243;][vc_column_text]\n<h3> Chemical Treatment <\/h3>\n<p>The exterminator will use a pesticide to eliminate these unwanted guests. This can be dangerous for us and our pets so it should be used with caution. However, this treatment lasts for some time.[\/vc_column_text][\/vc_column_inner][\/vc_row_inner][vc_row_inner][vc_column_inner width=&#8221;1\/2&#8243;][vc_column_text]\n<h3>Heat Treatment<\/h3>\n<p>This treatment is ideal if the bed bug problem has spread to several locations in the house or apartment. The exterminator will rapidly heat furniture, a room or even the entire house to kill the bugs.[\/vc_column_text][\/vc_column_inner][vc_column_inner width=&#8221;1\/2&#8243;][vc_column_text]\n<h3>Freezing<\/h3>\n<p>Rapidly freezing clothes, books or other items that can tolerate cold temperatures.[\/vc_column_text][\/vc_column_inner][\/vc_row_inner][vc_empty_space][\/vc_column][\/vc_row][vc_row full_width=&#8221;stretch_row&#8221; el_class=&#8221;dark&#8221; css=&#8221;.vc_custom_1511557686125{background-image: url(https:\/\/k9inspection.ca\/wp-content\/uploads\/2017\/11\/Texture-orange.png?id=93) !important;background-position: center !important;background-repeat: no-repeat !important;background-size: cover !important;}&#8221; el_id=&#8221;detection-explosif&#8221;][vc_column][vc_empty_space][vc_row_inner][vc_column_inner][vc_column_text]\n<h2><span style=\"color: #fff;\">What to do after a Bed Bug Treatment?<\/span><\/h2>\n<p>Did you just have your surroundings treated for bed bugs? We strongly recommend that you call in our team for a post-treatment inspection. It only takes one bug to survive for the problem to start all over again. That&#8217;s the last thing you want!<br \/>\nOur dogs will only signal the presence of live bugs or eggs. This way you will know if the treatment has worked and if the problem has been eliminated.[\/vc_column_text][vc_btn title=&#8221;Book an appointment&#8221; link=&#8221;url:https%3A%2F%2Fk9maitrechien.ca%2Fen%2Fcontact%2F|||&#8221;][\/vc_column_inner][\/vc_row_inner][vc_empty_space][\/vc_column][\/vc_row][vc_row full_width=&#8221;stretch_row&#8221;][vc_column][vc_empty_space][vc_column_text]Sources\u00a0:<\/p>\n<p><a href=\"https:\/\/santemontreal.qc.ca\/fileadmin\/fichiers\/population\/sante-a-z\/punaises\/Punaises-de-lit_situation-MTL-2019.pdf\">https:\/\/santemontreal.qc.ca<\/a><\/p>\n<p><a href=\"https:\/\/www.msss.gouv.qc.ca\/professionnels\/sante-environnementale\/punaises-de-lit\/situation-au-quebec-et-dans-le-monde\/ \">https:\/\/www.msss.gouv.qc.ca<\/a>[\/vc_column_text][vc_empty_space][\/vc_column][\/vc_row]\n<\/div>","protected":false},"excerpt":{"rendered":"<p>[vc_row full_width=&#8221;stretch_row_content_no_spaces&#8221;][vc_column][vc_single_image image=&#8221;528&#8243; img_size=&#8221;full&#8221;][\/vc_column][\/vc_row][vc_row full_width=&#8221;stretch_row&#8221;][vc_column][vc_empty_space][vc_row_inner][vc_column_inner][vc_column_text] Detection of Bed Bugs [\/vc_column_text][vc_empty_space][vc_column_text]We help homeowners to effectively detect the presence of bed bugs in homes, dormitories, retirement homes, apartment buildings and hotels.[\/vc_column_text][\/vc_column_inner][\/vc_row_inner][vc_empty_space][\/vc_column][\/vc_row][vc_row full_width=&#8221;stretch_row&#8221;][vc_column][vc_empty_space&#8230;<\/p>\n","protected":false},"author":1,"featured_media":0,"parent":0,"menu_order":0,"comment_status":"closed","ping_status":"closed","template":"","meta":{"_monsterinsights_skip_tracking":false,"_monsterinsights_sitenote_active":false,"_monsterinsights_sitenote_note":"","_monsterinsights_sitenote_category":0,"footnotes":""},"class_list":["post-296","page","type-page","status-publish","hentry"],"yoast_head":"<!-- This site is optimized with the Yoast SEO plugin v26.7 - https:\/\/yoast.com\/wordpress\/plugins\/seo\/ -->\n<title>Bedbugs &#8226; K9 Inspection ma\u00eetre-chien<\/title>\n<meta name=\"robots\" content=\"index, follow, max-snippet:-1, max-image-preview:large, max-video-preview:-1\" \/>\n<link rel=\"canonical\" href=\"https:\/\/k9maitrechien.ca\/en\/bedbugs\/\" \/>\n<meta property=\"og:locale\" content=\"en_US\" \/>\n<meta property=\"og:type\" content=\"article\" \/>\n<meta property=\"og:title\" content=\"Bedbugs &#8226; K9 Inspection ma\u00eetre-chien\" \/>\n<meta property=\"og:description\" content=\"[vc_row full_width=&#8221;stretch_row_content_no_spaces&#8221;][vc_column][vc_single_image image=&#8221;528&#8243; img_size=&#8221;full&#8221;][\/vc_column][\/vc_row][vc_row full_width=&#8221;stretch_row&#8221;][vc_column][vc_empty_space][vc_row_inner][vc_column_inner][vc_column_text] Detection of Bed Bugs [\/vc_column_text][vc_empty_space][vc_column_text]We help homeowners to effectively detect the presence of bed bugs in homes, dormitories, retirement homes, apartment buildings and hotels.[\/vc_column_text][\/vc_column_inner][\/vc_row_inner][vc_empty_space][\/vc_column][\/vc_row][vc_row full_width=&#8221;stretch_row&#8221;][vc_column][vc_empty_space...\" \/>\n<meta property=\"og:url\" content=\"https:\/\/k9maitrechien.ca\/en\/bedbugs\/\" \/>\n<meta property=\"og:site_name\" content=\"K9 Inspection ma\u00eetre-chien\" \/>\n<meta property=\"article:publisher\" content=\"https:\/\/fr-fr.facebook.com\/K9-inspection-chiens-de-d%c3%a9tection-1755142567880203\/\" \/>\n<meta property=\"article:modified_time\" content=\"2021-03-30T18:53:22+00:00\" \/>\n<meta name=\"twitter:card\" content=\"summary_large_image\" \/>\n<meta name=\"twitter:label1\" content=\"Est. reading time\" \/>\n\t<meta name=\"twitter:data1\" content=\"5 minutes\" \/>\n<script type=\"application\/ld+json\" class=\"yoast-schema-graph\">{\"@context\":\"https:\/\/schema.org\",\"@graph\":[{\"@type\":\"WebPage\",\"@id\":\"https:\/\/k9maitrechien.ca\/en\/bedbugs\/\",\"url\":\"https:\/\/k9maitrechien.ca\/en\/bedbugs\/\",\"name\":\"Bedbugs &#8226; K9 Inspection ma\u00eetre-chien\",\"isPartOf\":{\"@id\":\"https:\/\/k9maitrechien.ca\/#website\"},\"datePublished\":\"2019-08-28T15:06:13+00:00\",\"dateModified\":\"2021-03-30T18:53:22+00:00\",\"breadcrumb\":{\"@id\":\"https:\/\/k9maitrechien.ca\/en\/bedbugs\/#breadcrumb\"},\"inLanguage\":\"en-US\",\"potentialAction\":[{\"@type\":\"ReadAction\",\"target\":[\"https:\/\/k9maitrechien.ca\/en\/bedbugs\/\"]}]},{\"@type\":\"BreadcrumbList\",\"@id\":\"https:\/\/k9maitrechien.ca\/en\/bedbugs\/#breadcrumb\",\"itemListElement\":[{\"@type\":\"ListItem\",\"position\":1,\"name\":\"Home\",\"item\":\"https:\/\/k9maitrechien.ca\/en\/\"},{\"@type\":\"ListItem\",\"position\":2,\"name\":\"Bedbugs\"}]},{\"@type\":\"WebSite\",\"@id\":\"https:\/\/k9maitrechien.ca\/#website\",\"url\":\"https:\/\/k9maitrechien.ca\/\",\"name\":\"K9 Inspection ma\u00eetre-chien\",\"description\":\"Ma\u00eetre-chien s\u00e9curit\u00e9 priv\u00e9e explosif\/drogues\/protection\",\"publisher\":{\"@id\":\"https:\/\/k9maitrechien.ca\/#organization\"},\"potentialAction\":[{\"@type\":\"SearchAction\",\"target\":{\"@type\":\"EntryPoint\",\"urlTemplate\":\"https:\/\/k9maitrechien.ca\/?s={search_term_string}\"},\"query-input\":{\"@type\":\"PropertyValueSpecification\",\"valueRequired\":true,\"valueName\":\"search_term_string\"}}],\"inLanguage\":\"en-US\"},{\"@type\":\"Organization\",\"@id\":\"https:\/\/k9maitrechien.ca\/#organization\",\"name\":\"K9 inspection \/ Intervention K9\",\"url\":\"https:\/\/k9maitrechien.ca\/\",\"logo\":{\"@type\":\"ImageObject\",\"inLanguage\":\"en-US\",\"@id\":\"https:\/\/k9maitrechien.ca\/#\/schema\/logo\/image\/\",\"url\":\"https:\/\/k9maitrechien.ca\/wp-content\/uploads\/2018\/01\/K9LOGO72DPI.png\",\"contentUrl\":\"https:\/\/k9maitrechien.ca\/wp-content\/uploads\/2018\/01\/K9LOGO72DPI.png\",\"width\":781,\"height\":275,\"caption\":\"K9 inspection \/ Intervention K9\"},\"image\":{\"@id\":\"https:\/\/k9maitrechien.ca\/#\/schema\/logo\/image\/\"},\"sameAs\":[\"https:\/\/fr-fr.facebook.com\/K9-inspection-chiens-de-d\u00e9tection-1755142567880203\/\"]}]}<\/script>\n<!-- \/ Yoast SEO plugin. -->","yoast_head_json":{"title":"Bedbugs &#8226; K9 Inspection ma\u00eetre-chien","robots":{"index":"index","follow":"follow","max-snippet":"max-snippet:-1","max-image-preview":"max-image-preview:large","max-video-preview":"max-video-preview:-1"},"canonical":"https:\/\/k9maitrechien.ca\/en\/bedbugs\/","og_locale":"en_US","og_type":"article","og_title":"Bedbugs &#8226; K9 Inspection ma\u00eetre-chien","og_description":"[vc_row full_width=&#8221;stretch_row_content_no_spaces&#8221;][vc_column][vc_single_image image=&#8221;528&#8243; img_size=&#8221;full&#8221;][\/vc_column][\/vc_row][vc_row full_width=&#8221;stretch_row&#8221;][vc_column][vc_empty_space][vc_row_inner][vc_column_inner][vc_column_text] Detection of Bed Bugs [\/vc_column_text][vc_empty_space][vc_column_text]We help homeowners to effectively detect the presence of bed bugs in homes, dormitories, retirement homes, apartment buildings and hotels.[\/vc_column_text][\/vc_column_inner][\/vc_row_inner][vc_empty_space][\/vc_column][\/vc_row][vc_row full_width=&#8221;stretch_row&#8221;][vc_column][vc_empty_space...","og_url":"https:\/\/k9maitrechien.ca\/en\/bedbugs\/","og_site_name":"K9 Inspection ma\u00eetre-chien","article_publisher":"https:\/\/fr-fr.facebook.com\/K9-inspection-chiens-de-d%c3%a9tection-1755142567880203\/","article_modified_time":"2021-03-30T18:53:22+00:00","twitter_card":"summary_large_image","twitter_misc":{"Est. reading time":"5 minutes"},"schema":{"@context":"https:\/\/schema.org","@graph":[{"@type":"WebPage","@id":"https:\/\/k9maitrechien.ca\/en\/bedbugs\/","url":"https:\/\/k9maitrechien.ca\/en\/bedbugs\/","name":"Bedbugs &#8226; K9 Inspection ma\u00eetre-chien","isPartOf":{"@id":"https:\/\/k9maitrechien.ca\/#website"},"datePublished":"2019-08-28T15:06:13+00:00","dateModified":"2021-03-30T18:53:22+00:00","breadcrumb":{"@id":"https:\/\/k9maitrechien.ca\/en\/bedbugs\/#breadcrumb"},"inLanguage":"en-US","potentialAction":[{"@type":"ReadAction","target":["https:\/\/k9maitrechien.ca\/en\/bedbugs\/"]}]},{"@type":"BreadcrumbList","@id":"https:\/\/k9maitrechien.ca\/en\/bedbugs\/#breadcrumb","itemListElement":[{"@type":"ListItem","position":1,"name":"Home","item":"https:\/\/k9maitrechien.ca\/en\/"},{"@type":"ListItem","position":2,"name":"Bedbugs"}]},{"@type":"WebSite","@id":"https:\/\/k9maitrechien.ca\/#website","url":"https:\/\/k9maitrechien.ca\/","name":"K9 Inspection ma\u00eetre-chien","description":"Ma\u00eetre-chien s\u00e9curit\u00e9 priv\u00e9e explosif\/drogues\/protection","publisher":{"@id":"https:\/\/k9maitrechien.ca\/#organization"},"potentialAction":[{"@type":"SearchAction","target":{"@type":"EntryPoint","urlTemplate":"https:\/\/k9maitrechien.ca\/?s={search_term_string}"},"query-input":{"@type":"PropertyValueSpecification","valueRequired":true,"valueName":"search_term_string"}}],"inLanguage":"en-US"},{"@type":"Organization","@id":"https:\/\/k9maitrechien.ca\/#organization","name":"K9 inspection \/ Intervention K9","url":"https:\/\/k9maitrechien.ca\/","logo":{"@type":"ImageObject","inLanguage":"en-US","@id":"https:\/\/k9maitrechien.ca\/#\/schema\/logo\/image\/","url":"https:\/\/k9maitrechien.ca\/wp-content\/uploads\/2018\/01\/K9LOGO72DPI.png","contentUrl":"https:\/\/k9maitrechien.ca\/wp-content\/uploads\/2018\/01\/K9LOGO72DPI.png","width":781,"height":275,"caption":"K9 inspection \/ Intervention K9"},"image":{"@id":"https:\/\/k9maitrechien.ca\/#\/schema\/logo\/image\/"},"sameAs":["https:\/\/fr-fr.facebook.com\/K9-inspection-chiens-de-d\u00e9tection-1755142567880203\/"]}]}},"_links":{"self":[{"href":"https:\/\/k9maitrechien.ca\/en\/wp-json\/wp\/v2\/pages\/296","targetHints":{"allow":["GET"]}}],"collection":[{"href":"https:\/\/k9maitrechien.ca\/en\/wp-json\/wp\/v2\/pages"}],"about":[{"href":"https:\/\/k9maitrechien.ca\/en\/wp-json\/wp\/v2\/types\/page"}],"author":[{"embeddable":true,"href":"https:\/\/k9maitrechien.ca\/en\/wp-json\/wp\/v2\/users\/1"}],"replies":[{"embeddable":true,"href":"https:\/\/k9maitrechien.ca\/en\/wp-json\/wp\/v2\/comments?post=296"}],"version-history":[{"count":8,"href":"https:\/\/k9maitrechien.ca\/en\/wp-json\/wp\/v2\/pages\/296\/revisions"}],"predecessor-version":[{"id":597,"href":"https:\/\/k9maitrechien.ca\/en\/wp-json\/wp\/v2\/pages\/296\/revisions\/597"}],"wp:attachment":[{"href":"https:\/\/k9maitrechien.ca\/en\/wp-json\/wp\/v2\/media?parent=296"}],"curies":[{"name":"wp","href":"https:\/\/api.w.org\/{rel}","templated":true}]}}