{"id":297,"date":"2018-08-31T15:06:06","date_gmt":"2018-08-31T19:06:06","guid":{"rendered":"https:\/\/k9maitrechien.ca\/unite-canine-de-securite\/"},"modified":"2021-03-28T13:23:27","modified_gmt":"2021-03-28T17:23:27","slug":"canine-security-unit","status":"publish","type":"page","link":"https:\/\/k9maitrechien.ca\/en\/canine-security-unit\/","title":{"rendered":"Canine Security Unit"},"content":{"rendered":"<div class=\"wpb-content-wrapper\">[vc_row full_width=&#8221;stretch_row_content_no_spaces&#8221;][vc_column][vc_single_image image=&#8221;411&#8243; img_size=&#8221;full&#8221;][\/vc_column][\/vc_row][vc_row full_width=&#8221;stretch_row&#8221; el_id=&#8221;drug-detection&#8221;][vc_column][vc_empty_space][vc_row_inner][vc_column_inner][vc_column_text]\n<h2><span style=\"vertical-align: inherit;\"><span style=\"vertical-align: inherit;\">DRUG DETECTION<\/span><\/span><\/h2>\n[\/vc_column_text][vc_column_text]\n<h4>Our drug detection dogs support your efforts at prevention and improve safety and well-being in your facilities.<\/h4>\n[\/vc_column_text][\/vc_column_inner][\/vc_row_inner][vc_empty_space][\/vc_column][\/vc_row][vc_row full_width=&#8221;stretch_row&#8221;][vc_column][vc_empty_space][vc_row_inner][vc_column_inner][vc_column_text]<span style=\"vertical-align: inherit;\"><span style=\"vertical-align: inherit;\">Canine units have a proven track record in drug detection. As a regular presence in your environment, our canine handlers ensure both prevention and deterrence. We team up with you to eradicate drug use and trafficking within your walls and thus contribute to making your environment more pleasant and productive.<\/span><\/span><\/p>\n<p>The benefits of using detector dogs for drug detection:<\/p>\n<ul>\n<li><span style=\"vertical-align: inherit;\"><span style=\"vertical-align: inherit;\">Reduction in the number of violent events<\/span><\/span><\/li>\n<li><span style=\"vertical-align: inherit;\"><span style=\"vertical-align: inherit;\">Reduction of health problems (overdose)<\/span><\/span><\/li>\n<li><span style=\"vertical-align: inherit;\"><span style=\"vertical-align: inherit;\">Fewer accidents<\/span><\/span><\/li>\n<li><span style=\"vertical-align: inherit;\"><span style=\"vertical-align: inherit;\">Lower costs<\/span><\/span><\/li>\n<li>Decrease in time lost due to material accidents that may occur in high-risk environments<\/li>\n<\/ul>\n<p>Our dog teams work with you to conduct operations that are in line with your objectives, laws and privacy.[\/vc_column_text][vc_empty_space][vc_single_image image=&#8221;413&#8243; img_size=&#8221;full&#8221; alignment=&#8221;center&#8221;][vc_empty_space][vc_column_text]Our dogs detect the following drugs\/narcotics and their derivatives in all settings:<\/p>\n<ul>\n<li><span style=\"vertical-align: inherit;\"><span style=\"vertical-align: inherit;\">Marijuana, Hash<\/span><\/span><\/li>\n<li><span style=\"vertical-align: inherit;\"><span style=\"vertical-align: inherit;\">Cocaine<\/span><\/span><\/li>\n<li><span style=\"vertical-align: inherit;\"><span style=\"vertical-align: inherit;\">Heroin, Opium<\/span><\/span><\/li>\n<li><span style=\"vertical-align: inherit;\"><span style=\"vertical-align: inherit;\">MDMA, Ectasy<\/span><\/span><\/li>\n<li><span style=\"vertical-align: inherit;\"><span style=\"vertical-align: inherit;\">Methamphetamine, amphetamines<\/span><\/span><\/li>\n<\/ul>\n[\/vc_column_text][vc_empty_space][\/vc_column_inner][\/vc_row_inner][vc_empty_space][\/vc_column][\/vc_row][vc_row full_width=&#8221;stretch_row&#8221; css=&#8221;.vc_custom_1616704061016{background-color: #eaebec !important;}&#8221;][vc_column][vc_empty_space height=&#8221;16px&#8221;][vc_row_inner][vc_column_inner][vc_column_text]\n<h2 style=\"text-align: center;\">CONTACT US TO DISCUSS YOUR EXACT DRUG DETECTION NEEDS<\/h2>\n[\/vc_column_text][vc_empty_space height=&#8221;16px&#8221;][vc_btn title=&#8221;Contact us&#8221; align=&#8221;center&#8221; link=&#8221;url:https%3A%2F%2Fk9maitrechien.ca%2Fen%2Fcontact%2F|||&#8221;][\/vc_column_inner][\/vc_row_inner][vc_empty_space height=&#8221;16px&#8221;][\/vc_column][\/vc_row][vc_row full_width=&#8221;stretch_row&#8221;][vc_column][vc_empty_space][vc_row_inner][vc_column_inner][vc_column_text]\n<h3>DRUG DETECTION IN INTERVENTION MODE<\/h3>\n[\/vc_column_text][vc_column_text]Is your community experiencing a situation involving drug use or trafficking? We provide drug detection services in intervention mode in order to curb this problem. We can either work with you on your internal investigation or accompany you if you need help with a specific problem.[\/vc_column_text][\/vc_column_inner][\/vc_row_inner][vc_empty_space][\/vc_column][\/vc_row][vc_row full_width=&#8221;stretch_row&#8221;][vc_column][vc_empty_space][vc_row_inner][vc_column_inner][vc_column_text]\n<h3>DRUGS IN SCHOOLS<\/h3>\n[\/vc_column_text][vc_column_text]The regular presence of a dog team in schools helps to put an end to drug trafficking and drug use in the school. Our dogs have a very dissuasive effect on young people, who will realize that this is taken seriously by the administration.<\/p>\n<p>Our dogs are able to detect odours through locker doors and bags.[\/vc_column_text][\/vc_column_inner][\/vc_row_inner][vc_empty_space][\/vc_column][\/vc_row][vc_row full_width=&#8221;stretch_row&#8221;][vc_column][vc_empty_space][vc_row_inner][vc_column_inner][vc_column_text]\n<h3>DRUG INSPECTION IN MINING, FORESTRY OR CONSTRUCTION COMPANIES<\/h3>\n[\/vc_column_text][vc_column_text]We provide several methods of drug inspection for construction sites, mining companies and forestry companies to help you stay in control, including being present when employees arrive or leave.[\/vc_column_text][\/vc_column_inner][\/vc_row_inner][vc_empty_space][\/vc_column][\/vc_row][vc_row full_width=&#8221;stretch_row&#8221;][vc_column][vc_empty_space][vc_row_inner][vc_column_inner][vc_column_text]\n<h3>DETECTION OF DRUGS AT EVENTS<\/h3>\n[\/vc_column_text][vc_column_text]We can have our detector dogs at the checkpoint or directly in the crowd, before the search point or on site. This approach allows us to effectively control a large volume of people.<\/p>\n<p>The mere presence of our dog teams on site helps to deter people from bringing drugs into the event.[\/vc_column_text][\/vc_column_inner][\/vc_row_inner][vc_empty_space][\/vc_column][\/vc_row][vc_row full_width=&#8221;stretch_row&#8221;][vc_column][vc_empty_space][vc_row_inner][vc_column_inner][vc_column_text]\n<h3>DRUG DETECTION IN THE TRANSPORT INDUSTRY<\/h3>\n[\/vc_column_text][vc_empty_space][vc_single_image image=&#8221;421&#8243; img_size=&#8221;full&#8221; alignment=&#8221;center&#8221;][vc_empty_space][vc_column_text]In the transport industry, we can intervene before customs and at the employee level before boarding. Accidents may be reduced due to the presence of our detector dogs.<\/p>\n<p>Several schools and businesses that have already benefited from our services have noticed a great improvement in the situation.[\/vc_column_text][\/vc_column_inner][\/vc_row_inner][vc_empty_space][\/vc_column][\/vc_row][vc_row full_width=&#8221;stretch_row&#8221; el_class=&#8221;dark&#8221; css=&#8221;.vc_custom_1616785925884{background-image: url(https:\/\/k9inspection.ca\/wp-content\/uploads\/2017\/11\/Texture-orange.png?id=93) !important;background-position: center !important;background-repeat: no-repeat !important;background-size: cover !important;}&#8221; el_id=&#8221;detection-explosives&#8221;][vc_column][vc_empty_space][vc_row_inner][vc_column_inner][vc_column_text]\n<h2><span style=\"color: #ffffff;\">Detection of explosives<\/span><\/h2>\n[\/vc_column_text][vc_column_text]\n<h4><span style=\"color: #ffffff;\">We have trained our dogs to accurately and safely detect the scent of explosives and firearms in all environments.<\/span><\/h4>\n[\/vc_column_text][\/vc_column_inner][\/vc_row_inner][vc_row_inner][vc_column_inner][vc_column_text]We understand that there is no room for error when it comes to detecting explosives. Our detector dogs follow a distinctive training programme that includes real-life scenarios to safely detect all common types of explosives. Our dogs are therefore calm, focused on the job, used to crowds and all settings.<\/p>\n<p>What makes us stand out in the industry?<\/p>\n<ul>\n<li>Our dogs are certified annually by the <i>American working Dog Association<\/i><\/li>\n<li>You benefit from actual experience in the field<\/li>\n<li>Our teams are bilingual and experienced<\/li>\n<li>Our dogs have been specially trained to detect explosives safely and accurately<\/li>\n<li>Our teams have a nose for things, so you can trust them<\/li>\n<\/ul>\n[\/vc_column_text][\/vc_column_inner][\/vc_row_inner][vc_empty_space][\/vc_column][\/vc_row][vc_row full_width=&#8221;stretch_row&#8221;][vc_column][vc_empty_space][vc_row_inner][vc_column_inner][vc_column_text]\n<h3>DETECTION OF EXPLOSIVES DURING AN EVENT<\/h3>\n[\/vc_column_text][vc_empty_space][vc_single_image image=&#8221;423&#8243; img_size=&#8221;full&#8221; alignment=&#8221;center&#8221;][vc_empty_space][vc_column_text]Our dogs already excel in the detection of explosives at the largest events and shows in Qu\u00e9bec. We are therefore well aware of the needs of touring teams and are able to respond effectively.<\/p>\n<p>In the context of an event, we have to manage thousands of people who move quickly, sometimes over a fairly large area. The addition of a canine team to detect explosives at a gathering is a considerable asset to your existing security measures.<\/p>\n<p>Our dogs do an excellent job of prevention by inspecting buildings, rooms, luggage, vehicles and even people in motion before, during and after the event. The aim is to detect any explosives, suspicious packages or firearms before they reach the entrance and to keep everyone safe.<\/p>\n<p>Why use an explosive detection dog team for your event?<\/p>\n<ul>\n<li>To deter people with bad intentions<\/li>\n<li>For prevention and security<\/li>\n<li>To speed up the entry control process (e.g., search)<\/li>\n<li>For the efficiency of the dogs<\/li>\n<\/ul>\n[\/vc_column_text][vc_empty_space][\/vc_column_inner][\/vc_row_inner][vc_empty_space][\/vc_column][\/vc_row][vc_row full_width=&#8221;stretch_row&#8221; css=&#8221;.vc_custom_1616704061016{background-color: #eaebec !important;}&#8221;][vc_column][vc_empty_space height=&#8221;16px&#8221;][vc_row_inner][vc_column_inner][vc_column_text]\n<h2 style=\"text-align: center;\">REQUEST A QUOTE FOR YOUR EVENT<\/h2>\n[\/vc_column_text][vc_empty_space height=&#8221;16px&#8221;][vc_btn title=&#8221;Ask for a quote&#8221; align=&#8221;center&#8221; link=&#8221;url:https%3A%2F%2Fk9maitrechien.ca%2Fen%2Fcontact%2F|||&#8221;][\/vc_column_inner][\/vc_row_inner][vc_empty_space height=&#8221;16px&#8221;][\/vc_column][\/vc_row][vc_row full_width=&#8221;stretch_row&#8221;][vc_column][vc_empty_space][vc_row_inner][vc_column_inner][vc_column_text]\n<h3>DETECTION OF EXPLOSIVES IN THE TRANSPORT INDUSTRY<\/h3>\n[\/vc_column_text][vc_empty_space][vc_single_image image=&#8221;425&#8243; img_size=&#8221;full&#8221; alignment=&#8221;center&#8221;][vc_empty_space][vc_column_text]Airports, as well as ports and railway stations, are high-risk areas for explosives, due to the volume of cargo and freight moving through them. The use of a canine team can reduce response time by avoiding the need to wait for police teams. Our detector dogs help you keep your employees and facilities safe while ensuring the continuity of business.<\/p>\n<p>No technology beats the efficiency and accuracy of our detection dogs when it comes to the detection of explosives on cargo. They are accurate, fast, efficient and less expensive than X-ray technologies.<\/p>\n<p>Our teams move between cargo without interfering with the cargo sorting process, thus causing no delays in transport. Our cargo explosive detection service allows your goods to make their way safely through the distribution chain.<\/p>\n<p>We take part of the Transport Canada EDDHT program for the screening of all-cargo, mail and aerodrome.\u00a0 We can provide K9 in Quebec or east Canada or in all Canada.<\/p>\n<p>We are, of course, subject to the necessary security clearances and permits to perform our duties.[\/vc_column_text][vc_empty_space][\/vc_column_inner][\/vc_row_inner][vc_empty_space][\/vc_column][\/vc_row][vc_row full_width=&#8221;stretch_row&#8221; css=&#8221;.vc_custom_1616704061016{background-color: #eaebec !important;}&#8221;][vc_column][vc_empty_space height=&#8221;16px&#8221;][vc_row_inner][vc_column_inner][vc_column_text]\n<h2 style=\"text-align: center;\">ASK FOR A QUOTE FOR THE SECURITY OF YOUR CARGO<\/h2>\n[\/vc_column_text][vc_empty_space height=&#8221;16px&#8221;][vc_btn title=&#8221;Ask for a quote&#8221; align=&#8221;center&#8221; link=&#8221;url:https%3A%2F%2Fk9maitrechien.ca%2Fen%2Fcontact%2F|||&#8221;][\/vc_column_inner][\/vc_row_inner][vc_empty_space height=&#8221;16px&#8221;][\/vc_column][\/vc_row][vc_row full_width=&#8221;stretch_row&#8221;][vc_column][vc_empty_space][vc_row_inner][vc_column_inner][vc_column_text]\n<h3>DETECTION OF MOVING PERSONS<\/h3>\n[\/vc_column_text][vc_column_text]Our explosive detection dogs on the move are very effective when scanning large numbers of people, such as at an event or gathering. We have trained them to work in crowds without being distracted by noises or smells.<\/p>\n<p>When the dog recognizes the smell of an explosive or a gun on an individual, it will mark him by sitting in front of him. This is a clear signal he is sending us while blocking the suspect&#8217;s path.[\/vc_column_text][\/vc_column_inner][\/vc_row_inner][vc_column_text]<span style=\"font-family: Times New Roman, serif;\"><span style=\"font-size: medium;\"><i>Since the subject of explosives is quite sensitive, details will only be provided to clients upon request for information and quote.<\/i><\/span><\/span>[\/vc_column_text][vc_empty_space][\/vc_column][\/vc_row][vc_row full_width=&#8221;stretch_row&#8221; css=&#8221;.vc_custom_1616704061016{background-color: #eaebec !important;}&#8221;][vc_column][vc_empty_space height=&#8221;16px&#8221;][vc_row_inner][vc_column_inner][vc_column_text]\n<h2 style=\"text-align: center;\">CONTACT US NOW TO DISCUSS YOUR EXPLOSIVES DETECTION NEEDS<\/h2>\n[\/vc_column_text][vc_empty_space height=&#8221;16px&#8221;][vc_btn title=&#8221;Contact us&#8221; align=&#8221;center&#8221; link=&#8221;url:https%3A%2F%2Fk9maitrechien.ca%2Fen%2Fcontact%2F|||&#8221;][\/vc_column_inner][\/vc_row_inner][vc_empty_space height=&#8221;16px&#8221;][\/vc_column][\/vc_row][vc_row full_width=&#8221;stretch_row&#8221; el_id=&#8221;intervention&#8221;][vc_column][vc_row_inner][vc_column_inner][vc_column_text]\n<h2><span style=\"vertical-align: inherit;\"><span style=\"vertical-align: inherit;\">Intervention dog team<\/span><\/span><\/h2>\n<p><span style=\"vertical-align: inherit;\"><span style=\"vertical-align: inherit;\">These teams are even more specialized than the patrol teams. <\/span><span style=\"vertical-align: inherit;\">Dog handlers are even more trained (handcuffing, searching, telescopic baton) and they have more experience in dealing with more tense situations such as big events, festivals, demonstrations or others. <\/span><span style=\"vertical-align: inherit;\">Dogs are even more self-confident, more dissuasive and desensitized to anything that could happen (fireworks, smoke grenades, obstacles, etc.). <\/span><span style=\"vertical-align: inherit;\">These teams can really work in all environments and most importantly to be effective at work in all situations.<\/span><\/span><\/p>\n<p><span style=\"vertical-align: inherit;\"><span style=\"vertical-align: inherit;\">When we are looking for a real canine unit that will do the job in all situations, our canine intervention teams are the ones we want to call us!<\/span><\/span>[\/vc_column_text][\/vc_column_inner][\/vc_row_inner][vc_empty_space][\/vc_column][\/vc_row][vc_row full_width=&#8221;stretch_row&#8221; css=&#8221;.vc_custom_1616786007286{background-color: #eaebec !important;}&#8221; el_id=&#8221;patrol&#8221;][vc_column][vc_row_inner][vc_column_inner][vc_column_text]\n<h2><span style=\"vertical-align: inherit;\"><span style=\"vertical-align: inherit;\">Patrol dog team<\/span><\/span><\/h2>\n<p><span style=\"vertical-align: inherit;\"><span style=\"vertical-align: inherit;\">We offer you our services to patrol your festivals, buildings, construction sites, establishment, grounds or others with our well-trained dog teams. <\/span><span style=\"vertical-align: inherit;\">The dog handler holds a security guard license with the Private Security Bureau and is accompanied by his well-trained dog. <\/span><span style=\"vertical-align: inherit;\">They are specifically trained to use the dog well in order to patrol, manage situations and protect your property. <\/span><span style=\"vertical-align: inherit;\">A canine unit is equivalent to several security guards due to the dog&#8217;s smell and hearing. <\/span><span style=\"vertical-align: inherit;\">That&#8217;s not to mention the strong impression the dog gives!<\/span><\/span><\/p>\n<p>&nbsp;<\/p>\n<p><span style=\"vertical-align: inherit;\"><span style=\"vertical-align: inherit;\">When we are looking for a canine unit that will make a good impression while being able to intervene, it is our patrol teams that we want to call us!<\/span><\/span>[\/vc_column_text][\/vc_column_inner][\/vc_row_inner][vc_empty_space][\/vc_column][\/vc_row][vc_row full_width=&#8221;stretch_row&#8221; el_id=&#8221;intervention&#8221;][vc_column][vc_row_inner][vc_column_inner][vc_column_text]ASK FOR A QUOTE FOR THE SECURITY OF YOUR CARGO<!-- Bouton cta -->[\/vc_column_text][\/vc_column_inner][\/vc_row_inner][vc_btn title=&#8221;Ask for a quote&#8221; align=&#8221;left&#8221; link=&#8221;url:https%3A%2F%2Fk9maitrechien.ca%2Fen%2Fcontact%2F|||&#8221;][vc_empty_space][\/vc_column][\/vc_row]\n<\/div>","protected":false},"excerpt":{"rendered":"<p>[vc_row full_width=&#8221;stretch_row_content_no_spaces&#8221;][vc_column][vc_single_image image=&#8221;411&#8243; img_size=&#8221;full&#8221;][\/vc_column][\/vc_row][vc_row full_width=&#8221;stretch_row&#8221; el_id=&#8221;drug-detection&#8221;][vc_column][vc_empty_space][vc_row_inner][vc_column_inner][vc_column_text] DRUG DETECTION [\/vc_column_text][vc_column_text] Our drug detection dogs support your efforts at prevention and improve safety and well-being in your facilities. [\/vc_column_text][\/vc_column_inner][\/vc_row_inner][vc_empty_space][\/vc_column][\/vc_row][vc_row full_width=&#8221;stretch_row&#8221;][vc_column][vc_empty_space][vc_row_inner][vc_column_inner][vc_column_text]Canine units have&#8230;<\/p>\n","protected":false},"author":1,"featured_media":0,"parent":0,"menu_order":0,"comment_status":"closed","ping_status":"closed","template":"","meta":{"_monsterinsights_skip_tracking":false,"_monsterinsights_sitenote_active":false,"_monsterinsights_sitenote_note":"","_monsterinsights_sitenote_category":0,"footnotes":""},"class_list":["post-297","page","type-page","status-publish","hentry"],"yoast_head":"<!-- This site is optimized with the Yoast SEO plugin v26.7 - https:\/\/yoast.com\/wordpress\/plugins\/seo\/ -->\n<title>Canine Security Unit &#8226; K9 Inspection ma\u00eetre-chien<\/title>\n<meta name=\"description\" content=\"Canine security brigade. Security guards with their dogs ensure the safety of people and your property. When one agent is not enough!\" \/>\n<meta name=\"robots\" content=\"index, follow, max-snippet:-1, max-image-preview:large, max-video-preview:-1\" \/>\n<link rel=\"canonical\" href=\"https:\/\/k9maitrechien.ca\/en\/canine-security-unit\/\" \/>\n<meta property=\"og:locale\" content=\"en_US\" \/>\n<meta property=\"og:type\" content=\"article\" \/>\n<meta property=\"og:title\" content=\"Canine Security Unit &#8226; K9 Inspection ma\u00eetre-chien\" \/>\n<meta property=\"og:description\" content=\"Canine security brigade. Security guards with their dogs ensure the safety of people and your property. When one agent is not enough!\" \/>\n<meta property=\"og:url\" content=\"https:\/\/k9maitrechien.ca\/en\/canine-security-unit\/\" \/>\n<meta property=\"og:site_name\" content=\"K9 Inspection ma\u00eetre-chien\" \/>\n<meta property=\"article:publisher\" content=\"https:\/\/fr-fr.facebook.com\/K9-inspection-chiens-de-d%c3%a9tection-1755142567880203\/\" \/>\n<meta property=\"article:modified_time\" content=\"2021-03-28T17:23:27+00:00\" \/>\n<meta name=\"twitter:card\" content=\"summary_large_image\" \/>\n<meta name=\"twitter:label1\" content=\"Est. reading time\" \/>\n\t<meta name=\"twitter:data1\" content=\"6 minutes\" \/>\n<script type=\"application\/ld+json\" class=\"yoast-schema-graph\">{\"@context\":\"https:\/\/schema.org\",\"@graph\":[{\"@type\":\"WebPage\",\"@id\":\"https:\/\/k9maitrechien.ca\/en\/canine-security-unit\/\",\"url\":\"https:\/\/k9maitrechien.ca\/en\/canine-security-unit\/\",\"name\":\"Canine Security Unit &#8226; K9 Inspection ma\u00eetre-chien\",\"isPartOf\":{\"@id\":\"https:\/\/k9maitrechien.ca\/#website\"},\"datePublished\":\"2018-08-31T19:06:06+00:00\",\"dateModified\":\"2021-03-28T17:23:27+00:00\",\"description\":\"Canine security brigade. Security guards with their dogs ensure the safety of people and your property. When one agent is not enough!\",\"breadcrumb\":{\"@id\":\"https:\/\/k9maitrechien.ca\/en\/canine-security-unit\/#breadcrumb\"},\"inLanguage\":\"en-US\",\"potentialAction\":[{\"@type\":\"ReadAction\",\"target\":[\"https:\/\/k9maitrechien.ca\/en\/canine-security-unit\/\"]}]},{\"@type\":\"BreadcrumbList\",\"@id\":\"https:\/\/k9maitrechien.ca\/en\/canine-security-unit\/#breadcrumb\",\"itemListElement\":[{\"@type\":\"ListItem\",\"position\":1,\"name\":\"Home\",\"item\":\"https:\/\/k9maitrechien.ca\/en\/\"},{\"@type\":\"ListItem\",\"position\":2,\"name\":\"Canine Security Unit\"}]},{\"@type\":\"WebSite\",\"@id\":\"https:\/\/k9maitrechien.ca\/#website\",\"url\":\"https:\/\/k9maitrechien.ca\/\",\"name\":\"K9 Inspection ma\u00eetre-chien\",\"description\":\"Ma\u00eetre-chien s\u00e9curit\u00e9 priv\u00e9e explosif\/drogues\/protection\",\"publisher\":{\"@id\":\"https:\/\/k9maitrechien.ca\/#organization\"},\"potentialAction\":[{\"@type\":\"SearchAction\",\"target\":{\"@type\":\"EntryPoint\",\"urlTemplate\":\"https:\/\/k9maitrechien.ca\/?s={search_term_string}\"},\"query-input\":{\"@type\":\"PropertyValueSpecification\",\"valueRequired\":true,\"valueName\":\"search_term_string\"}}],\"inLanguage\":\"en-US\"},{\"@type\":\"Organization\",\"@id\":\"https:\/\/k9maitrechien.ca\/#organization\",\"name\":\"K9 inspection \/ Intervention K9\",\"url\":\"https:\/\/k9maitrechien.ca\/\",\"logo\":{\"@type\":\"ImageObject\",\"inLanguage\":\"en-US\",\"@id\":\"https:\/\/k9maitrechien.ca\/#\/schema\/logo\/image\/\",\"url\":\"https:\/\/k9maitrechien.ca\/wp-content\/uploads\/2018\/01\/K9LOGO72DPI.png\",\"contentUrl\":\"https:\/\/k9maitrechien.ca\/wp-content\/uploads\/2018\/01\/K9LOGO72DPI.png\",\"width\":781,\"height\":275,\"caption\":\"K9 inspection \/ Intervention K9\"},\"image\":{\"@id\":\"https:\/\/k9maitrechien.ca\/#\/schema\/logo\/image\/\"},\"sameAs\":[\"https:\/\/fr-fr.facebook.com\/K9-inspection-chiens-de-d\u00e9tection-1755142567880203\/\"]}]}<\/script>\n<!-- \/ Yoast SEO plugin. -->","yoast_head_json":{"title":"Canine Security Unit &#8226; K9 Inspection ma\u00eetre-chien","description":"Canine security brigade. Security guards with their dogs ensure the safety of people and your property. When one agent is not enough!","robots":{"index":"index","follow":"follow","max-snippet":"max-snippet:-1","max-image-preview":"max-image-preview:large","max-video-preview":"max-video-preview:-1"},"canonical":"https:\/\/k9maitrechien.ca\/en\/canine-security-unit\/","og_locale":"en_US","og_type":"article","og_title":"Canine Security Unit &#8226; K9 Inspection ma\u00eetre-chien","og_description":"Canine security brigade. Security guards with their dogs ensure the safety of people and your property. When one agent is not enough!","og_url":"https:\/\/k9maitrechien.ca\/en\/canine-security-unit\/","og_site_name":"K9 Inspection ma\u00eetre-chien","article_publisher":"https:\/\/fr-fr.facebook.com\/K9-inspection-chiens-de-d%c3%a9tection-1755142567880203\/","article_modified_time":"2021-03-28T17:23:27+00:00","twitter_card":"summary_large_image","twitter_misc":{"Est. reading time":"6 minutes"},"schema":{"@context":"https:\/\/schema.org","@graph":[{"@type":"WebPage","@id":"https:\/\/k9maitrechien.ca\/en\/canine-security-unit\/","url":"https:\/\/k9maitrechien.ca\/en\/canine-security-unit\/","name":"Canine Security Unit &#8226; K9 Inspection ma\u00eetre-chien","isPartOf":{"@id":"https:\/\/k9maitrechien.ca\/#website"},"datePublished":"2018-08-31T19:06:06+00:00","dateModified":"2021-03-28T17:23:27+00:00","description":"Canine security brigade. Security guards with their dogs ensure the safety of people and your property. When one agent is not enough!","breadcrumb":{"@id":"https:\/\/k9maitrechien.ca\/en\/canine-security-unit\/#breadcrumb"},"inLanguage":"en-US","potentialAction":[{"@type":"ReadAction","target":["https:\/\/k9maitrechien.ca\/en\/canine-security-unit\/"]}]},{"@type":"BreadcrumbList","@id":"https:\/\/k9maitrechien.ca\/en\/canine-security-unit\/#breadcrumb","itemListElement":[{"@type":"ListItem","position":1,"name":"Home","item":"https:\/\/k9maitrechien.ca\/en\/"},{"@type":"ListItem","position":2,"name":"Canine Security Unit"}]},{"@type":"WebSite","@id":"https:\/\/k9maitrechien.ca\/#website","url":"https:\/\/k9maitrechien.ca\/","name":"K9 Inspection ma\u00eetre-chien","description":"Ma\u00eetre-chien s\u00e9curit\u00e9 priv\u00e9e explosif\/drogues\/protection","publisher":{"@id":"https:\/\/k9maitrechien.ca\/#organization"},"potentialAction":[{"@type":"SearchAction","target":{"@type":"EntryPoint","urlTemplate":"https:\/\/k9maitrechien.ca\/?s={search_term_string}"},"query-input":{"@type":"PropertyValueSpecification","valueRequired":true,"valueName":"search_term_string"}}],"inLanguage":"en-US"},{"@type":"Organization","@id":"https:\/\/k9maitrechien.ca\/#organization","name":"K9 inspection \/ Intervention K9","url":"https:\/\/k9maitrechien.ca\/","logo":{"@type":"ImageObject","inLanguage":"en-US","@id":"https:\/\/k9maitrechien.ca\/#\/schema\/logo\/image\/","url":"https:\/\/k9maitrechien.ca\/wp-content\/uploads\/2018\/01\/K9LOGO72DPI.png","contentUrl":"https:\/\/k9maitrechien.ca\/wp-content\/uploads\/2018\/01\/K9LOGO72DPI.png","width":781,"height":275,"caption":"K9 inspection \/ Intervention K9"},"image":{"@id":"https:\/\/k9maitrechien.ca\/#\/schema\/logo\/image\/"},"sameAs":["https:\/\/fr-fr.facebook.com\/K9-inspection-chiens-de-d\u00e9tection-1755142567880203\/"]}]}},"_links":{"self":[{"href":"https:\/\/k9maitrechien.ca\/en\/wp-json\/wp\/v2\/pages\/297","targetHints":{"allow":["GET"]}}],"collection":[{"href":"https:\/\/k9maitrechien.ca\/en\/wp-json\/wp\/v2\/pages"}],"about":[{"href":"https:\/\/k9maitrechien.ca\/en\/wp-json\/wp\/v2\/types\/page"}],"author":[{"embeddable":true,"href":"https:\/\/k9maitrechien.ca\/en\/wp-json\/wp\/v2\/users\/1"}],"replies":[{"embeddable":true,"href":"https:\/\/k9maitrechien.ca\/en\/wp-json\/wp\/v2\/comments?post=297"}],"version-history":[{"count":36,"href":"https:\/\/k9maitrechien.ca\/en\/wp-json\/wp\/v2\/pages\/297\/revisions"}],"predecessor-version":[{"id":591,"href":"https:\/\/k9maitrechien.ca\/en\/wp-json\/wp\/v2\/pages\/297\/revisions\/591"}],"wp:attachment":[{"href":"https:\/\/k9maitrechien.ca\/en\/wp-json\/wp\/v2\/media?parent=297"}],"curies":[{"name":"wp","href":"https:\/\/api.w.org\/{rel}","templated":true}]}}