{"id":298,"date":"2018-08-31T14:55:34","date_gmt":"2018-08-31T18:55:34","guid":{"rendered":"https:\/\/k9maitrechien.ca\/dressage\/"},"modified":"2025-03-01T15:23:43","modified_gmt":"2025-03-01T20:23:43","slug":"training","status":"publish","type":"page","link":"https:\/\/k9maitrechien.ca\/en\/training\/","title":{"rendered":"Training"},"content":{"rendered":"<div class=\"wpb-content-wrapper\">[vc_row full_width=&#8221;stretch_row_content_no_spaces&#8221;][vc_column][vc_single_image image=&#8221;262&#8243; img_size=&#8221;full&#8221;][\/vc_column][\/vc_row][vc_row full_width=&#8221;stretch_row&#8221;][vc_column][vc_empty_space][vc_row_inner][vc_column_inner][vc_column_text]\n<h1><span style=\"vertical-align: inherit;\"><span style=\"vertical-align: inherit;\">Training<\/span><\/span><\/h1>\n[\/vc_column_text][\/vc_column_inner][\/vc_row_inner][vc_empty_space][\/vc_column][\/vc_row][vc_row full_width=&#8221;stretch_row&#8221; css=&#8221;.vc_custom_1616786130441{background-color: #eaebec !important;}&#8221; el_id=&#8221;training&#8221;][vc_column][vc_row_inner][vc_column_inner width=&#8221;1\/2&#8243;][vc_column_text]\n<h2><span style=\"vertical-align: inherit;\"><span style=\"vertical-align: inherit;\">Dog detection training<\/span><\/span><\/h2>\n<p><span style=\"vertical-align: inherit;\"><span style=\"vertical-align: inherit;\">We offer dog training for all types of detection.<\/span><\/span><\/p>\n<ul>\n<li><span style=\"vertical-align: inherit;\"><span style=\"vertical-align: inherit;\">Drugs<\/span><\/span><\/li>\n<li><span style=\"vertical-align: inherit;\"><span style=\"vertical-align: inherit;\">Explosives (bomb)<\/span><\/span><\/li>\n<li><span style=\"vertical-align: inherit;\"><span style=\"vertical-align: inherit;\">Fire arms<\/span><\/span><\/li>\n<li><span style=\"vertical-align: inherit;\"><span style=\"vertical-align: inherit;\">Bedbugs<\/span><\/span><\/li>\n<li><span style=\"vertical-align: inherit;\"><span style=\"vertical-align: inherit;\">Cellular<\/span><\/span><\/li>\n<li><span style=\"vertical-align: inherit;\"><span style=\"vertical-align: inherit;\">Alcoholic drinks<\/span><\/span><\/li>\n<li><span style=\"vertical-align: inherit;\"><span style=\"vertical-align: inherit;\">Insects (one or more varieties)<\/span><\/span><\/li>\n<li><span style=\"vertical-align: inherit;\"><span style=\"vertical-align: inherit;\">Specific products<\/span><\/span><\/li>\n<li><span style=\"vertical-align: inherit;\"><span style=\"vertical-align: inherit;\">Diseases<\/span><\/span><\/li>\n<\/ul>\n<p><a href=\"https:\/\/k9maitrechien.ca\/en\/contact\/\"><span style=\"vertical-align: inherit;\"><span style=\"vertical-align: inherit;\">There are no limits only that there must be a smell so contact us!<\/span><\/span><\/a>[\/vc_column_text][\/vc_column_inner][vc_column_inner width=&#8221;1\/2&#8243;][vc_single_image image=&#8221;266&#8243; img_size=&#8221;full&#8221;][\/vc_column_inner][\/vc_row_inner][vc_empty_space][\/vc_column][\/vc_row][vc_row full_width=&#8221;stretch_row&#8221; el_id=&#8221;dog-handler-training&#8221;][vc_column][vc_empty_space][vc_row_inner][vc_column_inner][vc_column_text]<strong><span style=\"vertical-align: inherit;\"><span style=\"vertical-align: inherit;\">Dog handler training<\/span><\/span><\/strong><\/p>\n<p><strong>\u00a0<\/strong><\/p>\n<p><span style=\"vertical-align: inherit;\"><span style=\"vertical-align: inherit;\">Our training is not based on a number of hours or a list of theoretical courses to follow. <\/span><span style=\"vertical-align: inherit;\">The work of a dog handler in detection does not take place behind a desk with books, but in the field in real life!<\/span><\/span><\/p>\n<p><span style=\"vertical-align: inherit;\"><span style=\"vertical-align: inherit;\">This is why our training is based with a single objective: an independent certification<\/span><\/span><\/p>\n<p><span style=\"vertical-align: inherit;\"><span style=\"vertical-align: inherit;\">A certification like that of the American Working Dog Association is assessed by a qualified trainer who is independent from the handler, but also from the person who trained the dog with the handler. <\/span><span style=\"vertical-align: inherit;\">This evaluation allows an independent opinion which would have real value before the courts, but also towards our training. <\/span><span style=\"vertical-align: inherit;\">The certification which is done annually thereafter confirms the maintenance of the team&#8217;s skills during their career.<\/span><\/span><\/p>\n<p><span style=\"vertical-align: inherit;\"><span style=\"vertical-align: inherit;\">By its scenarios in unknown places and its evaluation criteria, it is also a good way to show that the dog team is ready to start going on the field.<\/span><\/span><\/p>\n<p><span style=\"vertical-align: inherit;\"><span style=\"vertical-align: inherit;\">We train canine units which can then work in the private or public sector in the following specializations:<\/span><\/span><\/p>\n<ul>\n<li><span style=\"vertical-align: inherit;\"><span style=\"vertical-align: inherit;\">Drug detection<\/span><\/span><\/li>\n<li><span style=\"vertical-align: inherit;\"><span style=\"vertical-align: inherit;\">Bed bug detection<\/span><\/span><\/li>\n<li><span style=\"vertical-align: inherit;\"><span style=\"vertical-align: inherit;\">Firearms detection<\/span><\/span><\/li>\n<li>Electronic Devices<\/li>\n<li><span style=\"vertical-align: inherit;\"><span style=\"vertical-align: inherit;\">Patrol dog handler (private security)<\/span><\/span><\/li>\n<li><span style=\"vertical-align: inherit;\"><span style=\"vertical-align: inherit;\">Intervention dog handler (private security)<\/span><\/span><\/li>\n<li><span style=\"vertical-align: inherit;\"><span style=\"vertical-align: inherit;\">Detection of explosives \/ bombs (under conditions)<\/span><\/span><\/li>\n<\/ul>\n<p><span style=\"vertical-align: inherit;\"><span style=\"vertical-align: inherit;\">Our trainings include theory to fully understand how detection and the dog work, but the dog training side takes most of the time.<\/span><\/span><\/p>\n<h2><span style=\"vertical-align: inherit;\"><span style=\"vertical-align: inherit;\">Information<\/span><\/span><\/h2>\n<p><span style=\"vertical-align: inherit;\"><span style=\"vertical-align: inherit;\">Location: In Sherbrooke, in our training room of over 5000sqft<\/span><\/span><\/p>\n<p><span style=\"vertical-align: inherit;\"><span style=\"vertical-align: inherit;\">Dog: We use shepherd dogs like the German Shepherd or the Malinois, but also hunting dogs like the Labrador, the pointers, the Golden Retriever, the spaniels or others. <\/span><span style=\"vertical-align: inherit;\">You can already have your dog that we will assess or we can help you find a dog that will suit your needs.<\/span><\/span><\/p>\n<p><span style=\"vertical-align: inherit;\"><span style=\"vertical-align: inherit;\">For all information please write to us by email or on our Facebook page. <\/span><span style=\"vertical-align: inherit;\">We can send you the details, costs and registration form.<\/span><\/span><\/p>\n<p><span style=\"vertical-align: inherit;\"><span style=\"vertical-align: inherit;\">IMPORTANT: This training is not intended to train canine interveners, behaviorists, dog trainers, or other profession that advises clients with behavioral and dog training problems. <\/span><span style=\"vertical-align: inherit;\">It is only intended to train handlers in specific areas of drug detection, bedbugs, explosives or other substances as well as protection.<\/span><\/span><\/p>\n<p>&nbsp;<\/p>\n<p>&nbsp;<\/p>\n<h2><strong><span style=\"vertical-align: inherit;\"><span style=\"vertical-align: inherit;\">Sale of trained dog<\/span><\/span><\/strong><\/h2>\n<p><strong>\u00a0<\/strong><\/p>\n<p><span style=\"vertical-align: inherit;\"><span style=\"vertical-align: inherit;\">We offer the trained dog venter according to your needs. <\/span><span style=\"vertical-align: inherit;\">We therefore train the dog for you and then we train you to make good use of your partner&#8217;s abilities.<\/span><\/span><\/p>\n<p><span style=\"vertical-align: inherit;\"><span style=\"vertical-align: inherit;\">It is possible to buy a dog already trained in the following areas:<\/span><\/span><\/p>\n<p><span style=\"vertical-align: inherit;\"><span style=\"vertical-align: inherit;\">-Detection of bed bugs<\/span><\/span><\/p>\n<p><span style=\"vertical-align: inherit;\"><span style=\"vertical-align: inherit;\">&#8211; Drug detection<\/span><\/span><\/p>\n<p><span style=\"vertical-align: inherit;\"><span style=\"vertical-align: inherit;\">-Protection dog for patrol and intervention (private security)<\/span><\/span><\/p>\n<p><span style=\"vertical-align: inherit;\"><span style=\"vertical-align: inherit;\">-Biological detection (insects, bacteria, disease or others according to your needs)<\/span><\/span><\/p>\n<p><span style=\"vertical-align: inherit;\"><span style=\"vertical-align: inherit;\">-Detection of explosives<\/span><\/span><\/p>\n<p><span style=\"vertical-align: inherit;\"><span style=\"vertical-align: inherit;\">Breeds<\/span><\/span><\/p>\n<p><span style=\"vertical-align: inherit;\"><span style=\"vertical-align: inherit;\">We select the following breed dogs for their quality and ability. <\/span><span style=\"vertical-align: inherit;\">We choose the dog according to your tastes, according to availability and also according to their future use.<\/span><\/span><\/p>\n<p><span style=\"vertical-align: inherit;\"><span style=\"vertical-align: inherit;\">-German shepherd<\/span><\/span><\/p>\n<p><span style=\"vertical-align: inherit;\"><span style=\"vertical-align: inherit;\">-Belgian Shepherd Malinois<\/span><\/span><\/p>\n<p><span style=\"vertical-align: inherit;\"><span style=\"vertical-align: inherit;\">-Dutch Shepherd<\/span><\/span><\/p>\n<p><span style=\"vertical-align: inherit;\"><span style=\"vertical-align: inherit;\">-Labrador<\/span><\/span><\/p>\n<p><span style=\"vertical-align: inherit;\"><span style=\"vertical-align: inherit;\">-German Pointer, Weimaraner, Hungarian Pointer<\/span><\/span><\/p>\n<p><span style=\"vertical-align: inherit;\"><span style=\"vertical-align: inherit;\">-Spaniel (English, French, Breton)<\/span><\/span><\/p>\n<p>&nbsp;<\/p>\n<p><span style=\"vertical-align: inherit;\"><span style=\"vertical-align: inherit;\">Our dogs are sold with training and they are ready for independent certification. <\/span><span style=\"vertical-align: inherit;\">In addition, we perform a complete health check including blood work and x-ray of the hips.<\/span><\/span><\/p>\n<p><span style=\"vertical-align: inherit;\"><span style=\"vertical-align: inherit;\">We then offer you to continue training in order to maintain your abilities with the dog and we invite you to our seminars \/ certifications with specialists from other countries.<\/span><\/span><\/p>\n<p><span style=\"vertical-align: inherit;\"><span style=\"vertical-align: inherit;\">For a quote please contact us<\/span><\/span>[\/vc_column_text][\/vc_column_inner][\/vc_row_inner][vc_empty_space][\/vc_column][\/vc_row]\n<\/div>","protected":false},"excerpt":{"rendered":"<p>[vc_row full_width=&#8221;stretch_row_content_no_spaces&#8221;][vc_column][vc_single_image image=&#8221;262&#8243; img_size=&#8221;full&#8221;][\/vc_column][\/vc_row][vc_row full_width=&#8221;stretch_row&#8221;][vc_column][vc_empty_space][vc_row_inner][vc_column_inner][vc_column_text] Training [\/vc_column_text][\/vc_column_inner][\/vc_row_inner][vc_empty_space][\/vc_column][\/vc_row][vc_row full_width=&#8221;stretch_row&#8221; css=&#8221;.vc_custom_1616786130441{background-color: #eaebec !important;}&#8221; el_id=&#8221;training&#8221;][vc_column][vc_row_inner][vc_column_inner width=&#8221;1\/2&#8243;][vc_column_text] Dog detection training We offer dog training for all types of detection. Drugs Explosives (bomb) Fire arms&#8230;<\/p>\n","protected":false},"author":1,"featured_media":0,"parent":0,"menu_order":0,"comment_status":"closed","ping_status":"closed","template":"","meta":{"_monsterinsights_skip_tracking":false,"_monsterinsights_sitenote_active":false,"_monsterinsights_sitenote_note":"","_monsterinsights_sitenote_category":0,"footnotes":""},"class_list":["post-298","page","type-page","status-publish","hentry"],"yoast_head":"<!-- This site is optimized with the Yoast SEO plugin v26.7 - https:\/\/yoast.com\/wordpress\/plugins\/seo\/ -->\n<title>Training &#8226; K9 Inspection ma\u00eetre-chien<\/title>\n<meta name=\"description\" content=\"Dog handler training on drugs, bedbugs, security, explosives. With your dog or an already trained dog.\" \/>\n<meta name=\"robots\" content=\"index, follow, max-snippet:-1, max-image-preview:large, max-video-preview:-1\" \/>\n<link rel=\"canonical\" href=\"https:\/\/k9maitrechien.ca\/en\/training\/\" \/>\n<meta property=\"og:locale\" content=\"en_US\" \/>\n<meta property=\"og:type\" content=\"article\" \/>\n<meta property=\"og:title\" content=\"Training &#8226; K9 Inspection ma\u00eetre-chien\" \/>\n<meta property=\"og:description\" content=\"Dog handler training on drugs, bedbugs, security, explosives. With your dog or an already trained dog.\" \/>\n<meta property=\"og:url\" content=\"https:\/\/k9maitrechien.ca\/en\/training\/\" \/>\n<meta property=\"og:site_name\" content=\"K9 Inspection ma\u00eetre-chien\" \/>\n<meta property=\"article:publisher\" content=\"https:\/\/fr-fr.facebook.com\/K9-inspection-chiens-de-d%c3%a9tection-1755142567880203\/\" \/>\n<meta property=\"article:modified_time\" content=\"2025-03-01T20:23:43+00:00\" \/>\n<meta name=\"twitter:card\" content=\"summary_large_image\" \/>\n<meta name=\"twitter:label1\" content=\"Est. reading time\" \/>\n\t<meta name=\"twitter:data1\" content=\"4 minutes\" \/>\n<script type=\"application\/ld+json\" class=\"yoast-schema-graph\">{\"@context\":\"https:\/\/schema.org\",\"@graph\":[{\"@type\":\"WebPage\",\"@id\":\"https:\/\/k9maitrechien.ca\/en\/training\/\",\"url\":\"https:\/\/k9maitrechien.ca\/en\/training\/\",\"name\":\"Training &#8226; K9 Inspection ma\u00eetre-chien\",\"isPartOf\":{\"@id\":\"https:\/\/k9maitrechien.ca\/#website\"},\"datePublished\":\"2018-08-31T18:55:34+00:00\",\"dateModified\":\"2025-03-01T20:23:43+00:00\",\"description\":\"Dog handler training on drugs, bedbugs, security, explosives. With your dog or an already trained dog.\",\"breadcrumb\":{\"@id\":\"https:\/\/k9maitrechien.ca\/en\/training\/#breadcrumb\"},\"inLanguage\":\"en-US\",\"potentialAction\":[{\"@type\":\"ReadAction\",\"target\":[\"https:\/\/k9maitrechien.ca\/en\/training\/\"]}]},{\"@type\":\"BreadcrumbList\",\"@id\":\"https:\/\/k9maitrechien.ca\/en\/training\/#breadcrumb\",\"itemListElement\":[{\"@type\":\"ListItem\",\"position\":1,\"name\":\"Home\",\"item\":\"https:\/\/k9maitrechien.ca\/en\/\"},{\"@type\":\"ListItem\",\"position\":2,\"name\":\"Training\"}]},{\"@type\":\"WebSite\",\"@id\":\"https:\/\/k9maitrechien.ca\/#website\",\"url\":\"https:\/\/k9maitrechien.ca\/\",\"name\":\"K9 Inspection ma\u00eetre-chien\",\"description\":\"Ma\u00eetre-chien s\u00e9curit\u00e9 priv\u00e9e explosif\/drogues\/protection\",\"publisher\":{\"@id\":\"https:\/\/k9maitrechien.ca\/#organization\"},\"potentialAction\":[{\"@type\":\"SearchAction\",\"target\":{\"@type\":\"EntryPoint\",\"urlTemplate\":\"https:\/\/k9maitrechien.ca\/?s={search_term_string}\"},\"query-input\":{\"@type\":\"PropertyValueSpecification\",\"valueRequired\":true,\"valueName\":\"search_term_string\"}}],\"inLanguage\":\"en-US\"},{\"@type\":\"Organization\",\"@id\":\"https:\/\/k9maitrechien.ca\/#organization\",\"name\":\"K9 inspection \/ Intervention K9\",\"url\":\"https:\/\/k9maitrechien.ca\/\",\"logo\":{\"@type\":\"ImageObject\",\"inLanguage\":\"en-US\",\"@id\":\"https:\/\/k9maitrechien.ca\/#\/schema\/logo\/image\/\",\"url\":\"https:\/\/k9maitrechien.ca\/wp-content\/uploads\/2018\/01\/K9LOGO72DPI.png\",\"contentUrl\":\"https:\/\/k9maitrechien.ca\/wp-content\/uploads\/2018\/01\/K9LOGO72DPI.png\",\"width\":781,\"height\":275,\"caption\":\"K9 inspection \/ Intervention K9\"},\"image\":{\"@id\":\"https:\/\/k9maitrechien.ca\/#\/schema\/logo\/image\/\"},\"sameAs\":[\"https:\/\/fr-fr.facebook.com\/K9-inspection-chiens-de-d\u00e9tection-1755142567880203\/\"]}]}<\/script>\n<!-- \/ Yoast SEO plugin. -->","yoast_head_json":{"title":"Training &#8226; K9 Inspection ma\u00eetre-chien","description":"Dog handler training on drugs, bedbugs, security, explosives. With your dog or an already trained dog.","robots":{"index":"index","follow":"follow","max-snippet":"max-snippet:-1","max-image-preview":"max-image-preview:large","max-video-preview":"max-video-preview:-1"},"canonical":"https:\/\/k9maitrechien.ca\/en\/training\/","og_locale":"en_US","og_type":"article","og_title":"Training &#8226; K9 Inspection ma\u00eetre-chien","og_description":"Dog handler training on drugs, bedbugs, security, explosives. With your dog or an already trained dog.","og_url":"https:\/\/k9maitrechien.ca\/en\/training\/","og_site_name":"K9 Inspection ma\u00eetre-chien","article_publisher":"https:\/\/fr-fr.facebook.com\/K9-inspection-chiens-de-d%c3%a9tection-1755142567880203\/","article_modified_time":"2025-03-01T20:23:43+00:00","twitter_card":"summary_large_image","twitter_misc":{"Est. reading time":"4 minutes"},"schema":{"@context":"https:\/\/schema.org","@graph":[{"@type":"WebPage","@id":"https:\/\/k9maitrechien.ca\/en\/training\/","url":"https:\/\/k9maitrechien.ca\/en\/training\/","name":"Training &#8226; K9 Inspection ma\u00eetre-chien","isPartOf":{"@id":"https:\/\/k9maitrechien.ca\/#website"},"datePublished":"2018-08-31T18:55:34+00:00","dateModified":"2025-03-01T20:23:43+00:00","description":"Dog handler training on drugs, bedbugs, security, explosives. With your dog or an already trained dog.","breadcrumb":{"@id":"https:\/\/k9maitrechien.ca\/en\/training\/#breadcrumb"},"inLanguage":"en-US","potentialAction":[{"@type":"ReadAction","target":["https:\/\/k9maitrechien.ca\/en\/training\/"]}]},{"@type":"BreadcrumbList","@id":"https:\/\/k9maitrechien.ca\/en\/training\/#breadcrumb","itemListElement":[{"@type":"ListItem","position":1,"name":"Home","item":"https:\/\/k9maitrechien.ca\/en\/"},{"@type":"ListItem","position":2,"name":"Training"}]},{"@type":"WebSite","@id":"https:\/\/k9maitrechien.ca\/#website","url":"https:\/\/k9maitrechien.ca\/","name":"K9 Inspection ma\u00eetre-chien","description":"Ma\u00eetre-chien s\u00e9curit\u00e9 priv\u00e9e explosif\/drogues\/protection","publisher":{"@id":"https:\/\/k9maitrechien.ca\/#organization"},"potentialAction":[{"@type":"SearchAction","target":{"@type":"EntryPoint","urlTemplate":"https:\/\/k9maitrechien.ca\/?s={search_term_string}"},"query-input":{"@type":"PropertyValueSpecification","valueRequired":true,"valueName":"search_term_string"}}],"inLanguage":"en-US"},{"@type":"Organization","@id":"https:\/\/k9maitrechien.ca\/#organization","name":"K9 inspection \/ Intervention K9","url":"https:\/\/k9maitrechien.ca\/","logo":{"@type":"ImageObject","inLanguage":"en-US","@id":"https:\/\/k9maitrechien.ca\/#\/schema\/logo\/image\/","url":"https:\/\/k9maitrechien.ca\/wp-content\/uploads\/2018\/01\/K9LOGO72DPI.png","contentUrl":"https:\/\/k9maitrechien.ca\/wp-content\/uploads\/2018\/01\/K9LOGO72DPI.png","width":781,"height":275,"caption":"K9 inspection \/ Intervention K9"},"image":{"@id":"https:\/\/k9maitrechien.ca\/#\/schema\/logo\/image\/"},"sameAs":["https:\/\/fr-fr.facebook.com\/K9-inspection-chiens-de-d\u00e9tection-1755142567880203\/"]}]}},"_links":{"self":[{"href":"https:\/\/k9maitrechien.ca\/en\/wp-json\/wp\/v2\/pages\/298","targetHints":{"allow":["GET"]}}],"collection":[{"href":"https:\/\/k9maitrechien.ca\/en\/wp-json\/wp\/v2\/pages"}],"about":[{"href":"https:\/\/k9maitrechien.ca\/en\/wp-json\/wp\/v2\/types\/page"}],"author":[{"embeddable":true,"href":"https:\/\/k9maitrechien.ca\/en\/wp-json\/wp\/v2\/users\/1"}],"replies":[{"embeddable":true,"href":"https:\/\/k9maitrechien.ca\/en\/wp-json\/wp\/v2\/comments?post=298"}],"version-history":[{"count":17,"href":"https:\/\/k9maitrechien.ca\/en\/wp-json\/wp\/v2\/pages\/298\/revisions"}],"predecessor-version":[{"id":847,"href":"https:\/\/k9maitrechien.ca\/en\/wp-json\/wp\/v2\/pages\/298\/revisions\/847"}],"wp:attachment":[{"href":"https:\/\/k9maitrechien.ca\/en\/wp-json\/wp\/v2\/media?parent=298"}],"curies":[{"name":"wp","href":"https:\/\/api.w.org\/{rel}","templated":true}]}}